{"id":1091,"date":"2023-01-01T19:09:45","date_gmt":"2023-01-01T16:09:45","guid":{"rendered":"https:\/\/web.kolaysoft.com.tr\/?page_id=1091"},"modified":"2023-01-01T19:10:22","modified_gmt":"2023-01-01T16:10:22","slug":"kvkk-aydinlatma-metni","status":"publish","type":"page","link":"https:\/\/www.kolaysoft.com.tr\/index.php\/kvkk-aydinlatma-metni\/","title":{"rendered":"Kvkk Ayd\u0131nlatma metni"},"content":{"rendered":"\t\t<div data-elementor-type=\"wp-page\" data-elementor-id=\"1091\" class=\"elementor elementor-1091\">\n\t\t\t\t\t\t<section class=\"elementor-section elementor-top-section elementor-element elementor-element-3051a1fe elementor-section-boxed elementor-section-height-default elementor-section-height-default wpr-particle-no wpr-jarallax-no wpr-parallax-no wpr-sticky-section-no\" data-id=\"3051a1fe\" data-element_type=\"section\">\n\t\t\t\t\t\t<div class=\"elementor-container elementor-column-gap-default\">\n\t\t\t\t\t<div class=\"elementor-column elementor-col-100 elementor-top-column elementor-element elementor-element-f89f75\" data-id=\"f89f75\" data-element_type=\"column\">\n\t\t\t<div class=\"elementor-widget-wrap elementor-element-populated\">\n\t\t\t\t\t\t<div class=\"elementor-element elementor-element-7fd09a6 elementor-widget elementor-widget-text-editor\" data-id=\"7fd09a6\" data-element_type=\"widget\" data-widget_type=\"text-editor.default\">\n\t\t\t\t<div class=\"elementor-widget-container\">\n\t\t\t\t\t\t\t\t\t<h3>Ki\u015fisel Verilerin \u0130\u015flenmesine Y\u00f6nelik Ayd\u0131nlatma Metni<\/h3><p>Kolaysoft Teknoloji A.\u015e. (\u201cKolaysoft\u201d) olarak siz de\u011ferli m\u00fc\u015fterilerimizin ki\u015fisel verilerinin korunmas\u0131na \u00f6nem veriyor ve sizleri 6698 say\u0131l\u0131 Ki\u015fisel Verilerin Korunmas\u0131 Kanunu (\u201cKVKK\u201d) kapsam\u0131nda bilgilendirmek istiyoruz.<\/p><h3>1. Ki\u015fisel Veri nedir?<\/h3><p>KVKK Kapsam\u0131nda ki\u015fisel veri, kimli\u011fi belirli veya belirlenebilir ger\u00e7ek ki\u015fiye ili\u015fkin her t\u00fcrl\u00fc bilgiyi (\u201cKi\u015fisel Veri\u201d) ve bunun bir \u00f6zel t\u00fcr\u00fc olan \u00d6zel Nitelikli Ki\u015fisel Veri ise, \u0131rk, etnik k\u00f6ken, siyasi d\u00fc\u015f\u00fcnce, felsefi inan\u00e7, din, mezhep veya di\u011fer inan\u00e7lar, k\u0131l\u0131k ve k\u0131yafet, dernek, vak\u0131f ya da sendika \u00fcyeli\u011fi, sa\u011fl\u0131k, cinsel hayat, ceza mahk\u00fbmiyeti ve g\u00fcvenlik tedbirleriyle ilgili verileriniz ile biyometrik ve genetik verilerinizi (\u201c\u00d6zel Nitelikli Ki\u015fisel Veri\u201d) ifade eder. Bu Ayd\u0131nlatma Metni kapsam\u0131nda Ki\u015fisel Verileriniz i\u00e7in yap\u0131lan a\u00e7\u0131klamalar \u00d6zel Nitelikli Ki\u015fisel Verilerinizi de kapsamaktad\u0131r.<\/p><h3>2. Ki\u015fisel Verilerin Hangi Ama\u00e7la \u0130\u015flenece\u011fi<\/h3><p>Toplanan ki\u015fisel verileriniz, Kolaysoft ve Kolaysoft ile i\u015f ili\u015fkisi i\u00e7erisinde olan ki\u015filerin hukuki ve ticari g\u00fcvenli\u011finin temini; Kolaysoft\u2019un insan kaynaklar\u0131 politikalar\u0131n\u0131n y\u00fcr\u00fct\u00fclmesinin temini; Kolaysoft\u2019un ticari ve i\u015f stratejilerinin belirlenmesi ve uygulanmas\u0131 ama\u00e7lar\u0131yla KVK Kanunu\u2019nun 5. ve 6. maddelerinde belirtilen ki\u015fisel veri i\u015fleme \u015fartlar\u0131 ve ama\u00e7lar\u0131 dahilinde i\u015flenecektir.<br \/>Toplanan ki\u015fisel verileriniz; \u015eirketimiz taraf\u0131ndan sunulan \u00fcr\u00fcn ve hizmetlerden sizleri faydaland\u0131rmak i\u00e7in gerekli \u00e7al\u0131\u015fmalar\u0131n i\u015f birimlerimiz taraf\u0131ndan yap\u0131lmas\u0131, \u015eirketimiz taraf\u0131ndan sunulan \u00fcr\u00fcn ve hizmetlerin sizlerin be\u011feni, kullan\u0131m al\u0131\u015fkanl\u0131klar\u0131 ve ihtiya\u00e7lar\u0131na g\u00f6re \u00f6zelle\u015ftirilerek sizlere \u00f6nerilmesi, \u015eirketimizin ve \u015eirketimizle i\u015f ili\u015fkisi i\u00e7erisinde olan ki\u015filerin hukuki ve ticari g\u00fcvenli\u011finin temini (\u015eirketimiz taraf\u0131ndan y\u00fcr\u00fct\u00fclen ileti\u015fime y\u00f6nelik idari operasyonlar, \u015eirkete ait lokasyonlar\u0131n fiziksel g\u00fcvenli\u011fini ve denetimini sa\u011flamak, i\u015f orta\u011f\u0131\/m\u00fc\u015fteri\/tedarik\u00e7i (yetkili veya \u00e7al\u0131\u015fanlar\u0131) de\u011ferlendirme s\u00fcre\u00e7leri, hukuki uyum s\u00fcreci, mali i\u015fler v.b.), \u015eirketimizin ticari ve i\u015f stratejilerinin belirlenmesi ve uygulanmas\u0131 ile \u015eirketimizin insan kaynaklar\u0131 politikalar\u0131n\u0131n y\u00fcr\u00fct\u00fclmesinin temini ama\u00e7lar\u0131yla i\u015f ortaklar\u0131m\u0131za, tedarik\u00e7ilerimize, Kolaysoft\u2019un yurt d\u0131\u015f\u0131ndaki \u015firketlerine, hissedarlar\u0131m\u0131za, kanunen yetkili kamu kurumlar\u0131 ve \u00f6zel ki\u015filere, KVK Kanunu\u2019nun 8. ve 9. maddelerinde belirtilen ki\u015fisel veri i\u015fleme \u015fartlar\u0131 ve ama\u00e7lar\u0131 \u00e7er\u00e7evesinde aktar\u0131labilecektir.<\/p><h3>3. Ki\u015fisel Veri Toplaman\u0131n Y\u00f6ntemi ve Hukuki Sebebi<\/h3><p>Ki\u015fisel verileriniz \u015eirketimiz taraf\u0131ndan farkl\u0131 kanallarla ve farkl\u0131 hukuki sebeplere dayanarak; sundu\u011fumuz \u00fcr\u00fcn ile hizmetleri geli\u015ftirmek ve ticari faaliyetlerimizi y\u00fcr\u00fctmek amac\u0131yla toplanmaktad\u0131r. Bu hukuki sebeple toplanan ki\u015fisel verileriniz 6698 say\u0131l\u0131 Kanun\u2019un 5. ve 6. maddelerinde belirtilen ki\u015fisel veri i\u015fleme \u015fartlar\u0131 ve ama\u00e7lar\u0131 kapsam\u0131nda bu Ayd\u0131nlatma Metni\u2019nin 2. maddesinde belirtilen ama\u00e7larla da i\u015flenebilmekte ve aktar\u0131labilmektedir.<\/p><h3>4. Veri Sahibi Olarak KVKK\u2019n\u0131n 11. Maddesinde Say\u0131lan Haklar\u0131n\u0131z Nelerdir?<\/h3><p>Ki\u015fisel verisi i\u015flenen ger\u00e7ek ki\u015filerin KVKK\u2019n\u0131n 11. maddesi uyar\u0131ca sahip oldu\u011fu haklar a\u015fa\u011f\u0131daki gibidir;<\/p><p><em>\u2013 Ki\u015fisel veri i\u015flenip i\u015flenmedi\u011fini \u00f6\u011frenme,<br \/>\u2013 Ki\u015fisel verileri i\u015flenmi\u015fse buna ili\u015fkin bilgi talep etme,<br \/>\u2013 Ki\u015fisel verilerin i\u015flenme amac\u0131n\u0131 ve bunlar\u0131n amac\u0131na uygun kullan\u0131l\u0131p kullan\u0131lmad\u0131\u011f\u0131n\u0131 \u00f6\u011frenme,<br \/>\u2013 Yurt i\u00e7inde veya yurt d\u0131\u015f\u0131nda ki\u015fisel verilerin aktar\u0131ld\u0131\u011f\u0131 \u00fc\u00e7\u00fcnc\u00fc ki\u015fileri bilme,<br \/>\u2013 Ki\u015fisel verilerin eksik veya yanl\u0131\u015f i\u015flenmi\u015f olmas\u0131 h\u00e2linde bunlar\u0131n d\u00fczeltilmesini isteme ve bu kapsamda yap\u0131lan i\u015flemin ki\u015fisel verilerin aktar\u0131ld\u0131\u011f\u0131 \u00fc\u00e7\u00fcnc\u00fc ki\u015filere bildirilmesini isteme,<br \/>\u2013 KVKK ve ilgili di\u011fer kanun h\u00fck\u00fcmlerine uygun olarak i\u015flenmi\u015f olmas\u0131na ra\u011fmen, i\u015flenmesini gerektiren sebeplerin ortadan kalkmas\u0131 h\u00e2linde ki\u015fisel verilerin silinmesini veya yok edilmesini isteme ve bu kapsamda yap\u0131lan i\u015flemin ki\u015fisel verilerin aktar\u0131ld\u0131\u011f\u0131 \u00fc\u00e7\u00fcnc\u00fc ki\u015filere bildirilmesini isteme,<br \/>\u2013 \u0130\u015flenen verilerin m\u00fcnhas\u0131ran otomatik sistemler vas\u0131tas\u0131yla analiz edilmesi suretiyle ki\u015finin kendisi aleyhine bir sonucun ortaya \u00e7\u0131kmas\u0131na itiraz etme,<br \/>Ki\u015fisel verilerin kanuna ayk\u0131r\u0131 olarak i\u015flenmesi sebebiyle zarara u\u011framas\u0131 h\u00e2linde zarar\u0131n giderilmesini talep etme.<\/em><\/p><p><em><strong>Haklar\u0131n\u0131za ili\u015fkin taleplerinizi Kolaysoft i\u00e7in\u00a0<a href=\"https:\/\/www.kolaysoft.com.tr\/wp-content\/uploads\/2019\/kvkk\/kisisel-verilerin-korunmasi-kanununa-yonelik-basvuru-formu.pdf\" target=\"_blank\" rel=\"noopener\"><u>linkte<\/u><\/a>\u00a0yer alan formu doldurup, formda belirtilen y\u00f6ntemlerle iletmeniz durumunda, talebin niteli\u011fine g\u00f6re en k\u0131sa s\u00fcrede ve en ge\u00e7 otuz g\u00fcn i\u00e7inde sonu\u00e7land\u0131racakt\u0131r.<\/strong><\/em><\/p><h2>KOLAYSOFT K\u0130\u015e\u0130SEL VER\u0130LER\u0130N KORUNMASI VE G\u0130ZL\u0130L\u0130K B\u0130LD\u0130RGES\u0130<\/h2><h3>Temel Bilgiler<\/h3><p>Kolaysoft Teknoloji A.\u015e. olarak bizler (bundan b\u00f6yle \u201cKolaysoft\u201d veya \u201cbiz\u201d olarak an\u0131lacakt\u0131r), ki\u015fisel verilerin korunmas\u0131na azami \u00f6nem vermekte ve ki\u015fisel verilerin korunmas\u0131nda \u00fclkemizde ge\u00e7erli 6698 say\u0131l\u0131 Ki\u015fisel Verilerin Korunmas\u0131 Kanunu ve buna ba\u011fl\u0131 mevzuat ba\u015fta olmak \u00fczere harfiyen uymaktay\u0131z.<\/p><p>Ki\u015fisel verilerinizi;<br \/><em>\u00a0 \u00a0 \u2022 Hukuka ve d\u00fcr\u00fcstl\u00fck kurallar\u0131na uygun olma,<\/em><br \/><em>\u00a0 \u00a0 \u2022 Do\u011fru ve gerekti\u011finde g\u00fcncel olma,<\/em><br \/><em>\u00a0 \u00a0 \u2022 Belirli, a\u00e7\u0131k ve me\u015fru ama\u00e7lar i\u00e7in i\u015flenme,<\/em><br \/><em>\u00a0 \u00a0 \u2022 \u0130\u015flendikleri ama\u00e7la ba\u011flant\u0131l\u0131, s\u0131n\u0131rl\u0131 ve \u00f6l\u00e7\u00fcl\u00fc olma,<\/em><br \/><em>\u00a0 \u00a0 \u2022 \u0130lgili mevzuatta \u00f6ng\u00f6r\u00fclen veya i\u015flendikleri ama\u00e7 i\u00e7in gerekli olan s\u00fcre kadar muhafaza edilme<\/em><\/p><p>ilkelerine g\u00f6re i\u015flemekteyiz.<\/p><p>Web sitemiz, uygulamalar\u0131m\u0131z ve hizmetlerimiz kullan\u0131ld\u0131\u011f\u0131nda ki\u015fisel veriler sadece gerekli oldu\u011fu durumlarda toplan\u0131r ve amaca uygun \u015fekilde i\u015flenir. Ki\u015fisel veriler, kimli\u011fi belirli veya belirlenebilir ger\u00e7ek ki\u015fiye ili\u015fkin her t\u00fcrl\u00fc bilgidir ve sizin ki\u015fisel olarak tan\u0131mlanabilmenizi sa\u011flayan veya sizinle ba\u011flant\u0131l\u0131 olan verilerdir.<\/p><p><strong>Ki\u015fisel Verilerin Korunmas\u0131 ile \u0130lgili Yetkili Merci :<\/strong><\/p><p>Kolaysoft Teknoloji A.\u015e.<br \/>A.T.G.B \u00dcniversiteler Mah.<br \/>1605.Cad. No:3 \/ 201 \u2013 204<br \/>Cyberpark Vak\u0131f Binas\u0131,<br \/>06800, Bilkent<br \/>\u00c7ankaya \/ Ankara<\/p><p>T: 0850 259 90 90<\/p><p>F:\u00a00850 259 91 91<\/p><p>E:\u00a0<u><a href=\"mailto:info@kolaysoft.com.tr\">info@kolaysoft.com.tr<\/a><\/u><\/p><h2>EK B\u0130LG\u0130LER \u2013 \u0130LET\u0130\u015e\u0130M B\u0130LG\u0130LER\u0130<\/h2><p>G\u00fcveniniz bizim i\u00e7in \u00f6nemlidir. Bu nedenle ki\u015fisel verilerinizin i\u015fleme al\u0131nmas\u0131 ile ilgili olarak her zaman sorular\u0131n\u0131za yan\u0131t vermek arzusunday\u0131z. Bu veri koruma a\u00e7\u0131klamas\u0131nda yan\u0131t alamad\u0131\u011f\u0131n\u0131z sorular varsa veya bir konuya ili\u015fkin daha detayl\u0131 bilgi almak istedi\u011finiz zaman l\u00fctfen bizimle ba\u011flant\u0131 kurunuz:<\/p><h2>G\u00dcVENL\u0130K UYARISI<\/h2><p>T\u00fcm teknik ve organizasyonel olanaklara ba\u015fvurarak ki\u015fisel verilerinizi \u00fc\u00e7\u00fcnc\u00fc ki\u015filerce eri\u015filmeyecek \u015fekilde kaydetmek \u00e7abas\u0131nday\u0131z. E-posta arac\u0131l\u0131\u011f\u0131yla ileti\u015fim esnas\u0131nda veri g\u00fcvenli\u011fi taraf\u0131m\u0131zdan tam olarak g\u00fcvence alt\u0131na al\u0131namad\u0131\u011f\u0131 i\u00e7in gizli bilgiler i\u00e7in size posta yolunu tavsiye ediyoruz.<\/p>\t\t\t\t\t\t\t\t<\/div>\n\t\t\t\t<\/div>\n\t\t\t\t<section class=\"elementor-section elementor-inner-section elementor-element elementor-element-1c8fbb2b elementor-section-content-middle elementor-section-boxed elementor-section-height-default elementor-section-height-default wpr-particle-no wpr-jarallax-no wpr-parallax-no wpr-sticky-section-no\" data-id=\"1c8fbb2b\" data-element_type=\"section\">\n\t\t\t\t\t\t<div class=\"elementor-container elementor-column-gap-default\">\n\t\t\t\t\t<div class=\"elementor-column elementor-col-50 elementor-inner-column elementor-element elementor-element-460e1a35\" data-id=\"460e1a35\" data-element_type=\"column\">\n\t\t\t<div class=\"elementor-widget-wrap elementor-element-populated\">\n\t\t\t\t\t\t<div class=\"elementor-element elementor-element-7eba80cb elementor-align-center elementor-widget elementor-widget-button\" data-id=\"7eba80cb\" data-element_type=\"widget\" data-widget_type=\"button.default\">\n\t\t\t\t<div class=\"elementor-widget-container\">\n\t\t\t\t\t\t\t\t\t<div class=\"elementor-button-wrapper\">\n\t\t\t\t\t<a class=\"elementor-button elementor-button-link elementor-size-md\" href=\"\/wp-content\/uploads\/2022\/12\/kvkk.pdf\">\n\t\t\t\t\t\t<span class=\"elementor-button-content-wrapper\">\n\t\t\t\t\t\t\t\t\t<span class=\"elementor-button-text\">Ki\u015fisel Verilerin Saklanmas\u0131, \u0130\u015flenmesi ve \u0130mhas\u0131 Politikas\u0131<\/span>\n\t\t\t\t\t<\/span>\n\t\t\t\t\t<\/a>\n\t\t\t\t<\/div>\n\t\t\t\t\t\t\t\t<\/div>\n\t\t\t\t<\/div>\n\t\t\t\t\t<\/div>\n\t\t<\/div>\n\t\t\t\t<div class=\"elementor-column elementor-col-50 elementor-inner-column elementor-element elementor-element-20d791d6\" data-id=\"20d791d6\" data-element_type=\"column\">\n\t\t\t<div class=\"elementor-widget-wrap elementor-element-populated\">\n\t\t\t\t\t\t<div class=\"elementor-element elementor-element-3d1242cb elementor-align-center elementor-widget elementor-widget-button\" data-id=\"3d1242cb\" data-element_type=\"widget\" data-widget_type=\"button.default\">\n\t\t\t\t<div class=\"elementor-widget-container\">\n\t\t\t\t\t\t\t\t\t<div class=\"elementor-button-wrapper\">\n\t\t\t\t\t<a class=\"elementor-button elementor-button-link elementor-size-md\" href=\"\/wp-content\/uploads\/2022\/12\/kisisel-verilerin-korunmasi-kanununa-yonelik-basvuru-formu.pdf\">\n\t\t\t\t\t\t<span class=\"elementor-button-content-wrapper\">\n\t\t\t\t\t\t\t\t\t<span class=\"elementor-button-text\">K\u0130\u015e\u0130SEL VER\u0130LERIN KORUNMASI KANUNU KAPSAMINDA BA\u015eVURU FORMU<\/span>\n\t\t\t\t\t<\/span>\n\t\t\t\t\t<\/a>\n\t\t\t\t<\/div>\n\t\t\t\t\t\t\t\t<\/div>\n\t\t\t\t<\/div>\n\t\t\t\t\t<\/div>\n\t\t<\/div>\n\t\t\t\t\t<\/div>\n\t\t<\/section>\n\t\t\t\t\t<\/div>\n\t\t<\/div>\n\t\t\t\t\t<\/div>\n\t\t<\/section>\n\t\t\t\t<\/div>\n\t\t","protected":false},"excerpt":{"rendered":"<p>Ki\u015fisel Verilerin \u0130\u015flenmesine Y\u00f6nelik Ayd\u0131nlatma Metni Kolaysoft Teknoloji A.\u015e. (\u201cKolaysoft\u201d) olarak siz de\u011ferli m\u00fc\u015fterilerimizin ki\u015fisel verilerinin korunmas\u0131na \u00f6nem veriyor ve sizleri 6698 say\u0131l\u0131 Ki\u015fisel Verilerin Korunmas\u0131 Kanunu (\u201cKVKK\u201d) kapsam\u0131nda bilgilendirmek istiyoruz. 1. Ki\u015fisel Veri nedir? KVKK Kapsam\u0131nda ki\u015fisel veri, kimli\u011fi belirli veya belirlenebilir ger\u00e7ek ki\u015fiye ili\u015fkin her t\u00fcrl\u00fc bilgiyi (\u201cKi\u015fisel Veri\u201d) ve bunun bir \u00f6zel t\u00fcr\u00fc olan \u00d6zel Nitelikli Ki\u015fisel Veri ise, \u0131rk, etnik k\u00f6ken, siyasi d\u00fc\u015f\u00fcnce, felsefi inan\u00e7, din, mezhep veya di\u011fer inan\u00e7lar, k\u0131l\u0131k ve k\u0131yafet, dernek, vak\u0131f ya da sendika \u00fcyeli\u011fi, sa\u011fl\u0131k, cinsel hayat, ceza mahk\u00fbmiyeti ve g\u00fcvenlik tedbirleriyle ilgili verileriniz ile biyometrik ve genetik verilerinizi (\u201c\u00d6zel Nitelikli Ki\u015fisel Veri\u201d) ifade eder. Bu Ayd\u0131nlatma Metni kapsam\u0131nda Ki\u015fisel Verileriniz i\u00e7in yap\u0131lan a\u00e7\u0131klamalar \u00d6zel Nitelikli Ki\u015fisel Verilerinizi de kapsamaktad\u0131r. 2. Ki\u015fisel Verilerin Hangi Ama\u00e7la \u0130\u015flenece\u011fi Toplanan ki\u015fisel verileriniz, Kolaysoft ve Kolaysoft ile i\u015f ili\u015fkisi i\u00e7erisinde olan ki\u015filerin hukuki ve ticari g\u00fcvenli\u011finin temini; Kolaysoft\u2019un insan kaynaklar\u0131 politikalar\u0131n\u0131n y\u00fcr\u00fct\u00fclmesinin temini; Kolaysoft\u2019un ticari ve i\u015f stratejilerinin belirlenmesi ve uygulanmas\u0131 ama\u00e7lar\u0131yla KVK Kanunu\u2019nun 5. ve 6. maddelerinde belirtilen ki\u015fisel veri i\u015fleme \u015fartlar\u0131 ve ama\u00e7lar\u0131 dahilinde i\u015flenecektir.Toplanan ki\u015fisel verileriniz; \u015eirketimiz taraf\u0131ndan sunulan \u00fcr\u00fcn ve hizmetlerden sizleri faydaland\u0131rmak i\u00e7in gerekli \u00e7al\u0131\u015fmalar\u0131n i\u015f birimlerimiz taraf\u0131ndan yap\u0131lmas\u0131, \u015eirketimiz taraf\u0131ndan sunulan \u00fcr\u00fcn ve hizmetlerin sizlerin be\u011feni, kullan\u0131m al\u0131\u015fkanl\u0131klar\u0131 ve ihtiya\u00e7lar\u0131na g\u00f6re \u00f6zelle\u015ftirilerek sizlere \u00f6nerilmesi, \u015eirketimizin ve \u015eirketimizle i\u015f ili\u015fkisi i\u00e7erisinde olan ki\u015filerin hukuki ve ticari g\u00fcvenli\u011finin temini (\u015eirketimiz taraf\u0131ndan y\u00fcr\u00fct\u00fclen ileti\u015fime y\u00f6nelik idari operasyonlar, \u015eirkete ait lokasyonlar\u0131n fiziksel g\u00fcvenli\u011fini ve denetimini sa\u011flamak, i\u015f orta\u011f\u0131\/m\u00fc\u015fteri\/tedarik\u00e7i (yetkili veya \u00e7al\u0131\u015fanlar\u0131) de\u011ferlendirme s\u00fcre\u00e7leri, hukuki uyum s\u00fcreci, mali i\u015fler v.b.), \u015eirketimizin ticari ve i\u015f stratejilerinin belirlenmesi ve uygulanmas\u0131 ile \u015eirketimizin insan kaynaklar\u0131 politikalar\u0131n\u0131n y\u00fcr\u00fct\u00fclmesinin temini ama\u00e7lar\u0131yla i\u015f ortaklar\u0131m\u0131za, tedarik\u00e7ilerimize, Kolaysoft\u2019un yurt d\u0131\u015f\u0131ndaki \u015firketlerine, hissedarlar\u0131m\u0131za, kanunen yetkili kamu kurumlar\u0131 ve \u00f6zel ki\u015filere, KVK Kanunu\u2019nun 8. ve 9. maddelerinde belirtilen ki\u015fisel veri i\u015fleme \u015fartlar\u0131 ve ama\u00e7lar\u0131 \u00e7er\u00e7evesinde aktar\u0131labilecektir. 3. Ki\u015fisel Veri Toplaman\u0131n Y\u00f6ntemi ve Hukuki Sebebi Ki\u015fisel verileriniz \u015eirketimiz taraf\u0131ndan farkl\u0131 kanallarla ve farkl\u0131 hukuki sebeplere dayanarak; sundu\u011fumuz \u00fcr\u00fcn ile hizmetleri geli\u015ftirmek ve ticari faaliyetlerimizi y\u00fcr\u00fctmek amac\u0131yla toplanmaktad\u0131r. Bu hukuki sebeple toplanan ki\u015fisel verileriniz 6698 say\u0131l\u0131 Kanun\u2019un 5. ve 6. maddelerinde belirtilen ki\u015fisel veri i\u015fleme \u015fartlar\u0131 ve ama\u00e7lar\u0131 kapsam\u0131nda bu Ayd\u0131nlatma Metni\u2019nin 2. maddesinde belirtilen ama\u00e7larla da i\u015flenebilmekte ve aktar\u0131labilmektedir. 4. Veri Sahibi Olarak KVKK\u2019n\u0131n 11. Maddesinde Say\u0131lan Haklar\u0131n\u0131z Nelerdir? Ki\u015fisel verisi i\u015flenen ger\u00e7ek ki\u015filerin KVKK\u2019n\u0131n 11. maddesi uyar\u0131ca sahip oldu\u011fu haklar a\u015fa\u011f\u0131daki gibidir; \u2013 Ki\u015fisel veri i\u015flenip i\u015flenmedi\u011fini \u00f6\u011frenme,\u2013 Ki\u015fisel verileri i\u015flenmi\u015fse buna ili\u015fkin bilgi talep etme,\u2013 Ki\u015fisel verilerin i\u015flenme amac\u0131n\u0131 ve bunlar\u0131n amac\u0131na uygun kullan\u0131l\u0131p kullan\u0131lmad\u0131\u011f\u0131n\u0131 \u00f6\u011frenme,\u2013 Yurt i\u00e7inde veya yurt d\u0131\u015f\u0131nda ki\u015fisel verilerin aktar\u0131ld\u0131\u011f\u0131 \u00fc\u00e7\u00fcnc\u00fc ki\u015fileri bilme,\u2013 Ki\u015fisel verilerin eksik veya yanl\u0131\u015f i\u015flenmi\u015f olmas\u0131 h\u00e2linde bunlar\u0131n d\u00fczeltilmesini isteme ve bu kapsamda yap\u0131lan i\u015flemin ki\u015fisel verilerin aktar\u0131ld\u0131\u011f\u0131 \u00fc\u00e7\u00fcnc\u00fc ki\u015filere bildirilmesini isteme,\u2013 KVKK ve ilgili di\u011fer kanun h\u00fck\u00fcmlerine uygun olarak i\u015flenmi\u015f olmas\u0131na ra\u011fmen, i\u015flenmesini gerektiren sebeplerin ortadan kalkmas\u0131 h\u00e2linde ki\u015fisel verilerin silinmesini veya yok edilmesini isteme ve bu kapsamda yap\u0131lan i\u015flemin ki\u015fisel verilerin aktar\u0131ld\u0131\u011f\u0131 \u00fc\u00e7\u00fcnc\u00fc ki\u015filere bildirilmesini isteme,\u2013 \u0130\u015flenen verilerin m\u00fcnhas\u0131ran otomatik sistemler vas\u0131tas\u0131yla analiz edilmesi suretiyle ki\u015finin kendisi aleyhine bir sonucun ortaya \u00e7\u0131kmas\u0131na itiraz etme,Ki\u015fisel verilerin kanuna ayk\u0131r\u0131 olarak i\u015flenmesi sebebiyle zarara u\u011framas\u0131 h\u00e2linde zarar\u0131n giderilmesini talep etme. Haklar\u0131n\u0131za ili\u015fkin taleplerinizi Kolaysoft i\u00e7in\u00a0linkte\u00a0yer alan formu doldurup, formda belirtilen y\u00f6ntemlerle iletmeniz durumunda, talebin niteli\u011fine g\u00f6re en k\u0131sa s\u00fcrede ve en ge\u00e7 otuz g\u00fcn i\u00e7inde sonu\u00e7land\u0131racakt\u0131r. KOLAYSOFT K\u0130\u015e\u0130SEL VER\u0130LER\u0130N KORUNMASI VE G\u0130ZL\u0130L\u0130K B\u0130LD\u0130RGES\u0130 Temel Bilgiler Kolaysoft Teknoloji A.\u015e. olarak bizler (bundan b\u00f6yle \u201cKolaysoft\u201d veya \u201cbiz\u201d olarak an\u0131lacakt\u0131r), ki\u015fisel verilerin korunmas\u0131na azami \u00f6nem vermekte ve ki\u015fisel verilerin korunmas\u0131nda \u00fclkemizde ge\u00e7erli 6698 say\u0131l\u0131 Ki\u015fisel Verilerin Korunmas\u0131 Kanunu ve buna ba\u011fl\u0131 mevzuat ba\u015fta olmak \u00fczere harfiyen uymaktay\u0131z. Ki\u015fisel verilerinizi;\u00a0 \u00a0 \u2022 Hukuka ve d\u00fcr\u00fcstl\u00fck kurallar\u0131na uygun olma,\u00a0 \u00a0 \u2022 Do\u011fru ve gerekti\u011finde g\u00fcncel olma,\u00a0 \u00a0 \u2022 Belirli, a\u00e7\u0131k ve me\u015fru ama\u00e7lar i\u00e7in i\u015flenme,\u00a0 \u00a0 \u2022 \u0130\u015flendikleri ama\u00e7la ba\u011flant\u0131l\u0131, s\u0131n\u0131rl\u0131 ve \u00f6l\u00e7\u00fcl\u00fc olma,\u00a0 \u00a0 \u2022 \u0130lgili mevzuatta \u00f6ng\u00f6r\u00fclen veya i\u015flendikleri ama\u00e7 i\u00e7in gerekli olan s\u00fcre kadar muhafaza edilme ilkelerine g\u00f6re i\u015flemekteyiz. Web sitemiz, uygulamalar\u0131m\u0131z ve hizmetlerimiz kullan\u0131ld\u0131\u011f\u0131nda ki\u015fisel veriler sadece gerekli oldu\u011fu durumlarda toplan\u0131r ve amaca uygun \u015fekilde i\u015flenir. Ki\u015fisel veriler, kimli\u011fi belirli veya belirlenebilir ger\u00e7ek ki\u015fiye ili\u015fkin her t\u00fcrl\u00fc bilgidir ve sizin ki\u015fisel olarak tan\u0131mlanabilmenizi sa\u011flayan veya sizinle ba\u011flant\u0131l\u0131 olan verilerdir. Ki\u015fisel Verilerin Korunmas\u0131 ile \u0130lgili Yetkili Merci : Kolaysoft Teknoloji A.\u015e.A.T.G.B \u00dcniversiteler Mah.1605.Cad. No:3 \/ 201 \u2013 204Cyberpark Vak\u0131f Binas\u0131,06800, Bilkent\u00c7ankaya \/ Ankara T: 0850 259 90 90 F:\u00a00850 259 91 91 E:\u00a0info@kolaysoft.com.tr EK B\u0130LG\u0130LER \u2013 \u0130LET\u0130\u015e\u0130M B\u0130LG\u0130LER\u0130 G\u00fcveniniz bizim i\u00e7in \u00f6nemlidir. Bu nedenle ki\u015fisel verilerinizin i\u015fleme al\u0131nmas\u0131 ile ilgili olarak her zaman sorular\u0131n\u0131za yan\u0131t vermek arzusunday\u0131z. Bu veri koruma a\u00e7\u0131klamas\u0131nda yan\u0131t alamad\u0131\u011f\u0131n\u0131z sorular varsa veya bir konuya ili\u015fkin daha detayl\u0131 bilgi almak istedi\u011finiz zaman l\u00fctfen bizimle ba\u011flant\u0131 kurunuz: G\u00dcVENL\u0130K UYARISI T\u00fcm teknik ve organizasyonel olanaklara ba\u015fvurarak ki\u015fisel verilerinizi \u00fc\u00e7\u00fcnc\u00fc ki\u015filerce eri\u015filmeyecek \u015fekilde kaydetmek \u00e7abas\u0131nday\u0131z. E-posta arac\u0131l\u0131\u011f\u0131yla ileti\u015fim esnas\u0131nda veri g\u00fcvenli\u011fi taraf\u0131m\u0131zdan tam olarak g\u00fcvence alt\u0131na al\u0131namad\u0131\u011f\u0131 i\u00e7in gizli bilgiler i\u00e7in size posta yolunu tavsiye ediyoruz. Ki\u015fisel Verilerin Saklanmas\u0131, \u0130\u015flenmesi ve \u0130mhas\u0131 Politikas\u0131 K\u0130\u015e\u0130SEL VER\u0130LERIN KORUNMASI KANUNU KAPSAMINDA BA\u015eVURU FORMU<\/p>\n","protected":false},"author":1,"featured_media":0,"parent":0,"menu_order":0,"comment_status":"closed","ping_status":"closed","template":"elementor_canvas","meta":{"footnotes":""},"class_list":["post-1091","page","type-page","status-publish","hentry"],"aioseo_notices":[],"_links":{"self":[{"href":"https:\/\/www.kolaysoft.com.tr\/index.php\/wp-json\/wp\/v2\/pages\/1091","targetHints":{"allow":["GET"]}}],"collection":[{"href":"https:\/\/www.kolaysoft.com.tr\/index.php\/wp-json\/wp\/v2\/pages"}],"about":[{"href":"https:\/\/www.kolaysoft.com.tr\/index.php\/wp-json\/wp\/v2\/types\/page"}],"author":[{"embeddable":true,"href":"https:\/\/www.kolaysoft.com.tr\/index.php\/wp-json\/wp\/v2\/users\/1"}],"replies":[{"embeddable":true,"href":"https:\/\/www.kolaysoft.com.tr\/index.php\/wp-json\/wp\/v2\/comments?post=1091"}],"version-history":[{"count":0,"href":"https:\/\/www.kolaysoft.com.tr\/index.php\/wp-json\/wp\/v2\/pages\/1091\/revisions"}],"wp:attachment":[{"href":"https:\/\/www.kolaysoft.com.tr\/index.php\/wp-json\/wp\/v2\/media?parent=1091"}],"curies":[{"name":"wp","href":"https:\/\/api.w.org\/{rel}","templated":true}]}}