{"id":3,"date":"2022-12-31T21:07:02","date_gmt":"2022-12-31T18:07:02","guid":{"rendered":"https:\/\/web.kolaysoft.com.tr\/?page_id=3"},"modified":"2026-04-29T13:39:35","modified_gmt":"2026-04-29T10:39:35","slug":"gizlilik-politikasi","status":"publish","type":"page","link":"https:\/\/www.kolaysoft.com.tr\/index.php\/gizlilik-politikasi\/","title":{"rendered":"Gizlilik Politikas\u0131"},"content":{"rendered":"\t\t<div data-elementor-type=\"wp-page\" data-elementor-id=\"3\" class=\"elementor elementor-3\">\n\t\t\t\t\t\t<section class=\"elementor-section elementor-top-section elementor-element elementor-element-1adf2ed elementor-section-boxed elementor-section-height-default elementor-section-height-default wpr-particle-no wpr-jarallax-no wpr-parallax-no wpr-sticky-section-no\" data-id=\"1adf2ed\" data-element_type=\"section\">\n\t\t\t\t\t\t<div class=\"elementor-container elementor-column-gap-default\">\n\t\t\t\t\t<div class=\"elementor-column elementor-col-100 elementor-top-column elementor-element elementor-element-a5f92cd\" data-id=\"a5f92cd\" data-element_type=\"column\">\n\t\t\t<div class=\"elementor-widget-wrap elementor-element-populated\">\n\t\t\t\t\t\t<div class=\"elementor-element elementor-element-e17f0fa elementor-widget elementor-widget-heading\" data-id=\"e17f0fa\" data-element_type=\"widget\" data-widget_type=\"heading.default\">\n\t\t\t\t<div class=\"elementor-widget-container\">\n\t\t\t\t\t<h3 class=\"elementor-heading-title elementor-size-default\">KOLAYSOFT TEKNOLOJ\u0130 ANON\u0130M \u015e\u0130RKET\u0130\nWEB S\u0130TES\u0130 G\u0130ZL\u0130L\u0130K ve G\u00dcVENL\u0130K POL\u0130T\u0130KASI\n<\/h3>\t\t\t\t<\/div>\n\t\t\t\t<\/div>\n\t\t\t\t<div class=\"elementor-element elementor-element-0591784 elementor-widget elementor-widget-text-editor\" data-id=\"0591784\" data-element_type=\"widget\" data-widget_type=\"text-editor.default\">\n\t\t\t\t<div class=\"elementor-widget-container\">\n\t\t\t\t\t\t\t\t\t<p>Bu Politika, web sitesi ziyaretiniz s\u0131rada elde edilen ki\u015fisel verileri ve di\u011fer bilgiler bak\u0131m\u0131ndan, 6698 say\u0131l\u0131 Ki\u015fisel Verilerin Korunmas\u0131 Kanununun (\u201cKanun\u201d) 10. maddesi kapsam\u0131nda bilgilendirmek amac\u0131yla, Kolaysoft Teknoloji Anonim \u015eirketi taraf\u0131ndan haz\u0131rlanm\u0131\u015ft\u0131r.<\/p>\n<p>Web sitesi ziyaret bilgilerinizi, Kanuni amac\u0131na ba\u011fl\u0131 i\u015flemekte ve gizli tutmaktay\u0131z.<\/p>\n<table width=\"538\">\n<tbody>\n<tr>\n<td width=\"538\">\n<p><strong>Adresi: <\/strong>YDA Center K\u0131z\u0131l\u0131rmak Mahallesi Dumlup\u0131nar Bulvar\u0131 No:9\/A567 \u00c7ankaya \/ Ankara<\/p>\n<\/td>\n<\/tr>\n<tr>\n<td width=\"538\">\n<p><strong>Telefon: <\/strong>879 259 90 90\u00a0\u00a0\u00a0\u00a0\u00a0\u00a0\u00a0\u00a0 \u00a0\u00a0\u00a0\u00a0\u00a0\u00a0\u00a0\u00a0\u00a0\u00a0\u00a0\u00a0\u00a0\u00a0\u00a0\u00a0\u00a0\u00a0\u00a0\u00a0\u00a0\u00a0\u00a0\u00a0\u00a0\u00a0\u00a0\u00a0\u00a0\u00a0\u00a0\u00a0\u00a0\u00a0\u00a0\u00a0\u00a0\u00a0\u00a0\u00a0\u00a0\u00a0\u00a0\u00a0\u00a0\u00a0\u00a0\u00a0\u00a0\u00a0\u00a0\u00a0\u00a0\u00a0<strong>E-mail: <\/strong>info@kolaysoft.com.tr<\/p>\n<\/td>\n<\/tr>\n<\/tbody>\n<\/table>\n<p><strong>\u00a0<\/strong><\/p>\n<ol>\n<li><strong> ED\u0130N\u0130LEN B\u0130LG\u0130LER<\/strong><\/li>\n<\/ol>\n<p>Web sitemizde bulunan formlar \u00fczerinden ki\u015fisel veriler otomatik yolla elde edilmekte, ilgili ki\u015filere y\u00f6nelik faaliyetlerimizde i\u015flemekteyiz. Bu ki\u015fisel verilerinizin i\u015flenmesine ili\u015fkin bilgilendirme ilgili alan alt\u0131nda \u00a0\u201c<strong>Ayd\u0131nlatma Metni<\/strong>\u201d ile yapmaktay\u0131z. Web sitemizde bulunan formlarla sadece kendinize\/\u015firketinize ait verileri iletmenizi bekliyoruz.<\/p>\n<p>5651 say\u0131l\u0131 \u0130nternet Ortam\u0131nda Yap\u0131lan Yay\u0131nlar\u0131n D\u00fczenlenmesi Hakk\u0131nda Kanun (5651 s. Kanun) ve ilgili y\u00f6netmelikler kapsam\u0131ndaki y\u00fck\u00fcml\u00fcl\u00fcklerimiz gere\u011fi i\u015fledi\u011fimiz: \u0130nternet Protokol adresi (IP), ziyaret trafi\u011fi verilerini otomatik yolla i\u015flemekteyiz.<\/p>\n<p>Web sitemizde \u00e7erezler bulunmaktad\u0131r. \u00c7erezler, web sitesi kullan\u0131c\u0131s\u0131n\u0131n bilgisayar\u0131na bilgi y\u00fckleyerek, web sitesine bu bilgisayardan yap\u0131lacak ziyaretlerin tan\u0131nmas\u0131n\u0131 sa\u011flar, sitenin kullan\u0131m\u0131n\u0131 ve uygunlu\u011funu artt\u0131r\u0131r. Bu konuda bilgilendirme a\u00e7\u0131l\u0131\u015f sayfam\u0131z\u0131n alt\u0131nda \u00e7erez uyar\u0131s\u0131 alan\u0131nda bulunan <strong>\u00c7erez Ayd\u0131nlatma Metni\u2019mizi<\/strong> t\u0131klayarak ula\u015fabilirsiniz<\/p>\n<ol start=\"2\">\n<li><strong> \u00c7OCUKLARIN MAHREM\u0130YET\u0130N\u0130N KORUNMASI<\/strong><\/li>\n<\/ol>\n<p>\u00d6zellikle web sitemizde \u00e7ocuklar\u0131n mahremiyetinin korunmas\u0131na \u00f6nem verilmektedir. 18 ya\u015f\u0131ndan k\u00fc\u00e7\u00fcklere ait bilgiler, i\u015fleme amac\u0131yla toplanmas\u0131 ve saklanmas\u0131 gerekli olmas\u0131 hallerinde istenmektedir.<\/p>\n<ol start=\"3\">\n<li><strong> B\u0130LG\u0130LER\u0130N NASIL KULLANILACA\u011eI<\/strong><\/li>\n<\/ol>\n<p>Bu web sitesi \u00fczerinden i\u015fledi\u011fimiz ki\u015fisel verileri a\u015fa\u011f\u0131daki ama\u00e7larla kullanabiliriz:<\/p>\n<ul>\n<li>Bilgi G\u00fcvenli\u011fi S\u00fcre\u00e7lerinin Y\u00fcr\u00fct\u00fclmesi<\/li>\n<li>Eri\u015fim Yetkilerinin Y\u00fcr\u00fct\u00fclmesi<\/li>\n<li>Faaliyetlerin Mevzuata Uygun Y\u00fcr\u00fct\u00fclmesi<\/li>\n<li>Hukuk \u0130\u015flerinin Takibi ve Y\u00fcr\u00fct\u00fclmesi<\/li>\n<li>M\u00fc\u015fteri \u0130li\u015fkileri Y\u00f6netimi S\u00fcre\u00e7lerinin Y\u00fcr\u00fct\u00fclmesi<\/li>\n<li>M\u00fc\u015fteri Memnuniyetine Y\u00f6nelik Aktivitelerin Y\u00fcr\u00fct\u00fclmesi<\/li>\n<li>\u00dcr\u00fcn Sat\u0131\u015f S\u00fcre\u00e7lerinin Y\u00fcr\u00fct\u00fclmesi<\/li>\n<li>Organizasyon ve Etkinlik Y\u00f6netimi<\/li>\n<li>Saklama ve Ar\u015fiv Faaliyetlerinin Y\u00fcr\u00fct\u00fclmesi<\/li>\n<li>Talep \/ \u015eikayetlerin Takibi<\/li>\n<li>Yetkili Ki\u015fi, Kurum ve Kurulu\u015flara Bilgi Verilmesi<\/li>\n<\/ul>\n<p>\u00a0<\/p>\n<p>\u00a0<\/p>\n<ol start=\"4\">\n<li><strong>\u0130\u015eLENME AMA\u00c7LARI VE HUKUK\u0130 SEBEPLER\u0130<\/strong><\/li>\n<\/ol>\n<table width=\"613\">\n<thead>\n<tr>\n<td width=\"226\">\n<p><strong>\u0130\u015flenen Ki\u015fisel Verileriniz<\/strong><\/p>\n<\/td>\n<td width=\"274\">\n<p><strong>\u0130\u015flenme Ama\u00e7lar\u0131<\/strong><\/p>\n<\/td>\n<td>\n<p><strong>Hukuki Sebepleri<\/strong><\/p>\n<\/td>\n<\/tr>\n<\/thead>\n<tbody>\n<tr>\n<td width=\"226\">\n<p>Ad, Soyad\u0131, E-Posta, E-Posta Notlar\u0131<\/p>\n<\/td>\n<td width=\"274\">\n<p>\u00dcr\u00fcn sat\u0131\u015f\u0131n\u0131n ifas\u0131 amac\u0131 ile<\/p>\n<\/td>\n<td>\n<p>Kanun 5\/2 a ve 2 c<\/p>\n<\/td>\n<\/tr>\n<tr>\n<td width=\"226\">\n<p>Ad, Soyad\u0131, E-Posta, E-Posta Notlar\u0131<\/p>\n<\/td>\n<td width=\"274\">\n<p>\u0130leti\u015fim kurmak isteyen ziyaret\u00e7ilerin bilgilerinin saklanmas\u0131 amac\u0131 ile<\/p>\n<\/td>\n<td>\n<p>Kanun md. 5\/1<\/p>\n<\/td>\n<\/tr>\n<tr>\n<td width=\"226\">\n<p>Ba\u011flant\u0131 Zaman\u0131, Ba\u011flant\u0131 Biti\u015f Zaman\u0131, IP Adresi, Kullan\u0131lan IP Protokol\u00fc ve Aktar\u0131lan Veri Miktar\u0131<\/p>\n<\/td>\n<td width=\"274\">\n<p>5651 s. Kanun&#8217;da md. 4 \u201cYer Sa\u011flay\u0131c\u0131n\u0131n Sorumlulu\u011fu\u201d h\u00fckm\u00fc uyar\u0131nca a\u00e7\u0131k\u00e7a veri sorumlusunun hukuki y\u00fck\u00fcml\u00fcl\u00fc\u011f\u00fcn\u00fc yerine getirmesi amac\u0131 ile<\/p>\n<\/td>\n<td>\n<p>Kanun md.5\/2 \u00e7<\/p>\n<\/td>\n<\/tr>\n<tr>\n<td width=\"226\">\n<p>Ziyaret Edilen Sayfalar\u0131n\u0131z\u0131n Bilgisi<\/p>\n<\/td>\n<td width=\"274\">\n<p>\u015eartlar\u0131 sa\u011flayan me\u015fru menfaatlerimiz sebebiyle<\/p>\n<\/td>\n<td>\n<p>Kanun md. 5\/2 f<\/p>\n<\/td>\n<\/tr>\n<\/tbody>\n<\/table>\n<ol start=\"5\">\n<li><strong> K\u0130MLERE VE HANG\u0130 AMA\u00c7LA AKTARILACA\u011eI<\/strong><\/li>\n<\/ol>\n<p>Web sitemiz, ki\u015fisel veri ve di\u011fer bilgilerinizi, bu verileri kullan\u0131larak elde etti\u011fi verileri ba\u015fta ileti\u015fim taleplerini kar\u015f\u0131layabilmek, yasal y\u00fck\u00fcml\u00fcl\u00fcklerimizi ifa edebilmek, s\u00f6zle\u015fme gerekelrini yerine getirmek, kullan\u0131c\u0131 deneyimini geli\u015ftirmek, kullan\u0131c\u0131lar\u0131n g\u00fcvenli\u011fini sa\u011flamak, elektronik ortam\u0131nda i\u015fleme dayanak olacak t\u00fcm kay\u0131t ve belgeleri d\u00fczenlemek, mevzuat ve ilgili otoritelerce \u00f6ng\u00f6r\u00fclen bilgi saklama, raporlama, bilgilendirme y\u00fck\u00fcml\u00fcl\u00fcklerine uymak, talep edilen \u00fcr\u00fcn ve hizmetleri sunabilmek, web site y\u00f6netim politikalar\u0131m\u0131z\u0131 uygulayabilmek, kullan\u0131c\u0131 kimliklerini do\u011frulamak, sistem performans\u0131n\u0131 geli\u015ftirmek olmak \u00fczere yukar\u0131da i\u015fleme ama\u00e7lar\u0131 k\u0131sm\u0131nda belirtilen ama\u00e7lar\u0131n\u0131 ger\u00e7ekle\u015ftirebilmek i\u00e7in, \u015fikayet y\u00f6netimi ve g\u00fcvenli\u011fin sa\u011flanmas\u0131na ili\u015fkin yaz\u0131l\u0131m \u015firketleri ve yasal zorunluluklar kapsam\u0131nda yetkili kurum, kurulu\u015f, merci, idari ve yarg\u0131 organlar\u0131 ile payla\u015fabilecektir.<\/p>\n<ol start=\"6\">\n<li><strong> D\u0130\u011eER KONULAR<\/strong><\/li>\n<\/ol>\n<p>Web sitemiz ki\u015fisel olmayan bilgileri kullanarak, kullan\u0131c\u0131 istatistikleri ve web sitesi kullan\u0131m\u0131 ile ilgili bilgi takibi raporlar\u0131 olu\u015fturabilir ve bu raporlar\u0131 ba\u015fkalar\u0131yla payla\u015fabilir. Rapordaki hi\u00e7bir bilgi, kimlik ve di\u011fer ki\u015fisel verilere ba\u011fl\u0131 olmamaktad\u0131r.<\/p>\n<p>Veri ihlallerine kar\u015f\u0131, bilgisayar a\u011f\u0131, uygulamalar\u0131 ve veri taban\u0131n\u0131n g\u00fcvenli olmas\u0131 ve yetkisiz giri\u015flere ve kullan\u0131ma kapal\u0131 olmas\u0131 i\u00e7in \u00f6nlemler al\u0131yoruz. Ki\u015fisel verileriniz ile ilgili g\u00fcvenlik kayg\u0131n\u0131z var ise, bu bilgileri e posta yoluyla g\u00f6nderiniz.<\/p>\n<p>Web sitemiz di\u011fer web sitelerine veya internet kaynaklar\u0131na ba\u011flant\u0131 verebilir. Bu ba\u011flant\u0131lardan birine girdi\u011finizde ba\u015fka bir web sitesine veya internet kayna\u011f\u0131na ge\u00e7i\u015f yapm\u0131\u015f olursunuz. Bu kaynak, iste\u011finiz do\u011frultuda veya \u201ccookies\u201d veya di\u011fer ara\u00e7larla sizden bilgi alabilir. Web sitemizin bu web siteler veya internet kaynaklar\u0131 veya bunlar\u0131n bilginizi toplamas\u0131, kullanmas\u0131 veya if\u015fa etmesi ile ilgili bir sorumluluk, y\u00fck\u00fcml\u00fcl\u00fck veya kontrol\u00fc yoktur. Di\u011fer web sitesi ve internet kaynaklar\u0131n\u0131n gizlilik politikalar\u0131n\u0131 g\u00f6zden ge\u00e7irmeniz ve bilgilerinizi nas\u0131l t<strong>o<\/strong>play\u0131p kulland\u0131\u011f\u0131 konusunu anlaman\u0131z gerekir.<\/p>\n<ol start=\"7\">\n<li><strong> \u0130LG\u0130L\u0130 K\u0130\u015e\u0130 HAKLARI<\/strong><\/li>\n<\/ol>\n<p>Kanunun \u201c\u0130lgili ki\u015finin haklar\u0131\u201dn\u0131 d\u00fczenleyen 11. maddesi kapsam\u0131ndaki taleplerinizi, Veri Sorumlusu Ba\u015fvuru Usul ve Esaslar\u0131 Hakk\u0131nda Tebli\u011f\u2019e uygun a\u015fa\u011f\u0131daki \u015fekilde iletebilirsiniz:<\/p>\n<ul>\n<li>Islak imzal\u0131 dilek\u00e7e ile adresimize bizzat veya noter arac\u0131l\u0131\u011f\u0131yla.<\/li>\n<li>Kimli\u011finizi tespit edici belgelerle birlikte, \u015firketimizin posta adresine iadeli taahh\u00fctl\u00fc posta yoluyla.<\/li>\n<li>Sistemimizde kay\u0131tl\u0131 e-posta adresinizi kullanarak info@kolaysoft.com.tr adresine e-posta ile.<\/li>\n<li>E-posta adresiniz sistemimizde kay\u0131tl\u0131 de\u011filse, e imzal\u0131 belge ile info@kolaysoft.com.tr<\/li>\n<\/ul>\n<p>Talepleriniz, niteli\u011fine g\u00f6re en ge\u00e7 30 (otuz) g\u00fcn i\u00e7inde, kimlik do\u011frulamas\u0131 yap\u0131ld\u0131ktan sonra sonu\u00e7land\u0131r\u0131l\u0131r.<\/p>\n<p>Taleplerinizi daha kolay bildirmek isterseniz &#8220;Ki\u015fisel Veri Sahibi Ba\u015fvuru Formu&#8221;nu doldurabilirsiniz.<\/p>\n<p>\u00a0<\/p>\n<ol start=\"8\">\n<li><strong> Y\u00dcR\u00dcRL\u00dcK<\/strong><\/li>\n<\/ol>\n<p>Web sitemizde, zaman i\u00e7inde bu Gizlilik Beyan\u0131nda de\u011fi\u015fiklik veya ekleme yapabilir. Yap\u0131lacak de\u011fi\u015fiklik, web sitesinde yay\u0131nland\u0131\u011f\u0131 tarihten itibaren ge\u00e7erli olur.<\/p>\n<p>\u00a0<\/p>\n<p><strong>Kolaysoft Teknoloji Anonim \u015eirketi<\/strong><\/p>\t\t\t\t\t\t\t\t<\/div>\n\t\t\t\t<\/div>\n\t\t\t\t\t<\/div>\n\t\t<\/div>\n\t\t\t\t\t<\/div>\n\t\t<\/section>\n\t\t\t\t<\/div>\n\t\t","protected":false},"excerpt":{"rendered":"<p>KOLAYSOFT TEKNOLOJ\u0130 ANON\u0130M \u015e\u0130RKET\u0130 WEB S\u0130TES\u0130 G\u0130ZL\u0130L\u0130K ve G\u00dcVENL\u0130K POL\u0130T\u0130KASI Bu Politika, web sitesi ziyaretiniz s\u0131rada elde edilen ki\u015fisel verileri ve di\u011fer bilgiler bak\u0131m\u0131ndan, 6698 say\u0131l\u0131 Ki\u015fisel Verilerin Korunmas\u0131 Kanununun (\u201cKanun\u201d) 10. maddesi kapsam\u0131nda bilgilendirmek amac\u0131yla, Kolaysoft Teknoloji Anonim \u015eirketi taraf\u0131ndan haz\u0131rlanm\u0131\u015ft\u0131r. Web sitesi ziyaret bilgilerinizi, Kanuni amac\u0131na ba\u011fl\u0131 i\u015flemekte ve gizli tutmaktay\u0131z. Adresi: YDA Center K\u0131z\u0131l\u0131rmak Mahallesi Dumlup\u0131nar Bulvar\u0131 No:9\/A567 \u00c7ankaya \/ Ankara Telefon: 879 259 90 90\u00a0\u00a0\u00a0\u00a0\u00a0\u00a0\u00a0\u00a0 \u00a0\u00a0\u00a0\u00a0\u00a0\u00a0\u00a0\u00a0\u00a0\u00a0\u00a0\u00a0\u00a0\u00a0\u00a0\u00a0\u00a0\u00a0\u00a0\u00a0\u00a0\u00a0\u00a0\u00a0\u00a0\u00a0\u00a0\u00a0\u00a0\u00a0\u00a0\u00a0\u00a0\u00a0\u00a0\u00a0\u00a0\u00a0\u00a0\u00a0\u00a0\u00a0\u00a0\u00a0\u00a0\u00a0\u00a0\u00a0\u00a0\u00a0\u00a0\u00a0\u00a0\u00a0E-mail: info@kolaysoft.com.tr \u00a0 ED\u0130N\u0130LEN B\u0130LG\u0130LER Web sitemizde bulunan formlar \u00fczerinden ki\u015fisel veriler otomatik yolla elde edilmekte, ilgili ki\u015filere y\u00f6nelik faaliyetlerimizde i\u015flemekteyiz. Bu ki\u015fisel verilerinizin i\u015flenmesine ili\u015fkin bilgilendirme ilgili alan alt\u0131nda \u00a0\u201cAyd\u0131nlatma Metni\u201d ile yapmaktay\u0131z. Web sitemizde bulunan formlarla sadece kendinize\/\u015firketinize ait verileri iletmenizi bekliyoruz. 5651 say\u0131l\u0131 \u0130nternet Ortam\u0131nda Yap\u0131lan Yay\u0131nlar\u0131n D\u00fczenlenmesi Hakk\u0131nda Kanun (5651 s. Kanun) ve ilgili y\u00f6netmelikler kapsam\u0131ndaki y\u00fck\u00fcml\u00fcl\u00fcklerimiz gere\u011fi i\u015fledi\u011fimiz: \u0130nternet Protokol adresi (IP), ziyaret trafi\u011fi verilerini otomatik yolla i\u015flemekteyiz. Web sitemizde \u00e7erezler bulunmaktad\u0131r. \u00c7erezler, web sitesi kullan\u0131c\u0131s\u0131n\u0131n bilgisayar\u0131na bilgi y\u00fckleyerek, web sitesine bu bilgisayardan yap\u0131lacak ziyaretlerin tan\u0131nmas\u0131n\u0131 sa\u011flar, sitenin kullan\u0131m\u0131n\u0131 ve uygunlu\u011funu artt\u0131r\u0131r. Bu konuda bilgilendirme a\u00e7\u0131l\u0131\u015f sayfam\u0131z\u0131n alt\u0131nda \u00e7erez uyar\u0131s\u0131 alan\u0131nda bulunan \u00c7erez Ayd\u0131nlatma Metni\u2019mizi t\u0131klayarak ula\u015fabilirsiniz \u00c7OCUKLARIN MAHREM\u0130YET\u0130N\u0130N KORUNMASI \u00d6zellikle web sitemizde \u00e7ocuklar\u0131n mahremiyetinin korunmas\u0131na \u00f6nem verilmektedir. 18 ya\u015f\u0131ndan k\u00fc\u00e7\u00fcklere ait bilgiler, i\u015fleme amac\u0131yla toplanmas\u0131 ve saklanmas\u0131 gerekli olmas\u0131 hallerinde istenmektedir. B\u0130LG\u0130LER\u0130N NASIL KULLANILACA\u011eI Bu web sitesi \u00fczerinden i\u015fledi\u011fimiz ki\u015fisel verileri a\u015fa\u011f\u0131daki ama\u00e7larla kullanabiliriz: Bilgi G\u00fcvenli\u011fi S\u00fcre\u00e7lerinin Y\u00fcr\u00fct\u00fclmesi Eri\u015fim Yetkilerinin Y\u00fcr\u00fct\u00fclmesi Faaliyetlerin Mevzuata Uygun Y\u00fcr\u00fct\u00fclmesi Hukuk \u0130\u015flerinin Takibi ve Y\u00fcr\u00fct\u00fclmesi M\u00fc\u015fteri \u0130li\u015fkileri Y\u00f6netimi S\u00fcre\u00e7lerinin Y\u00fcr\u00fct\u00fclmesi M\u00fc\u015fteri Memnuniyetine Y\u00f6nelik Aktivitelerin Y\u00fcr\u00fct\u00fclmesi \u00dcr\u00fcn Sat\u0131\u015f S\u00fcre\u00e7lerinin Y\u00fcr\u00fct\u00fclmesi Organizasyon ve Etkinlik Y\u00f6netimi Saklama ve Ar\u015fiv Faaliyetlerinin Y\u00fcr\u00fct\u00fclmesi Talep \/ \u015eikayetlerin Takibi Yetkili Ki\u015fi, Kurum ve Kurulu\u015flara Bilgi Verilmesi \u00a0 \u00a0 \u0130\u015eLENME AMA\u00c7LARI VE HUKUK\u0130 SEBEPLER\u0130 \u0130\u015flenen Ki\u015fisel Verileriniz \u0130\u015flenme Ama\u00e7lar\u0131 Hukuki Sebepleri Ad, Soyad\u0131, E-Posta, E-Posta Notlar\u0131 \u00dcr\u00fcn sat\u0131\u015f\u0131n\u0131n ifas\u0131 amac\u0131 ile Kanun 5\/2 a ve 2 c Ad, Soyad\u0131, E-Posta, E-Posta Notlar\u0131 \u0130leti\u015fim kurmak isteyen ziyaret\u00e7ilerin bilgilerinin saklanmas\u0131 amac\u0131 ile Kanun md. 5\/1 Ba\u011flant\u0131 Zaman\u0131, Ba\u011flant\u0131 Biti\u015f Zaman\u0131, IP Adresi, Kullan\u0131lan IP Protokol\u00fc ve Aktar\u0131lan Veri Miktar\u0131 5651 s. Kanun&#8217;da md. 4 \u201cYer Sa\u011flay\u0131c\u0131n\u0131n Sorumlulu\u011fu\u201d h\u00fckm\u00fc uyar\u0131nca a\u00e7\u0131k\u00e7a veri sorumlusunun hukuki y\u00fck\u00fcml\u00fcl\u00fc\u011f\u00fcn\u00fc yerine getirmesi amac\u0131 ile Kanun md.5\/2 \u00e7 Ziyaret Edilen Sayfalar\u0131n\u0131z\u0131n Bilgisi \u015eartlar\u0131 sa\u011flayan me\u015fru menfaatlerimiz sebebiyle Kanun md. 5\/2 f K\u0130MLERE VE HANG\u0130 AMA\u00c7LA AKTARILACA\u011eI Web sitemiz, ki\u015fisel veri ve di\u011fer bilgilerinizi, bu verileri kullan\u0131larak elde etti\u011fi verileri ba\u015fta ileti\u015fim taleplerini kar\u015f\u0131layabilmek, yasal y\u00fck\u00fcml\u00fcl\u00fcklerimizi ifa edebilmek, s\u00f6zle\u015fme gerekelrini yerine getirmek, kullan\u0131c\u0131 deneyimini geli\u015ftirmek, kullan\u0131c\u0131lar\u0131n g\u00fcvenli\u011fini sa\u011flamak, elektronik ortam\u0131nda i\u015fleme dayanak olacak t\u00fcm kay\u0131t ve belgeleri d\u00fczenlemek, mevzuat ve ilgili otoritelerce \u00f6ng\u00f6r\u00fclen bilgi saklama, raporlama, bilgilendirme y\u00fck\u00fcml\u00fcl\u00fcklerine uymak, talep edilen \u00fcr\u00fcn ve hizmetleri sunabilmek, web site y\u00f6netim politikalar\u0131m\u0131z\u0131 uygulayabilmek, kullan\u0131c\u0131 kimliklerini do\u011frulamak, sistem performans\u0131n\u0131 geli\u015ftirmek olmak \u00fczere yukar\u0131da i\u015fleme ama\u00e7lar\u0131 k\u0131sm\u0131nda belirtilen ama\u00e7lar\u0131n\u0131 ger\u00e7ekle\u015ftirebilmek i\u00e7in, \u015fikayet y\u00f6netimi ve g\u00fcvenli\u011fin sa\u011flanmas\u0131na ili\u015fkin yaz\u0131l\u0131m \u015firketleri ve yasal zorunluluklar kapsam\u0131nda yetkili kurum, kurulu\u015f, merci, idari ve yarg\u0131 organlar\u0131 ile payla\u015fabilecektir. D\u0130\u011eER KONULAR Web sitemiz ki\u015fisel olmayan bilgileri kullanarak, kullan\u0131c\u0131 istatistikleri ve web sitesi kullan\u0131m\u0131 ile ilgili bilgi takibi raporlar\u0131 olu\u015fturabilir ve bu raporlar\u0131 ba\u015fkalar\u0131yla payla\u015fabilir. Rapordaki hi\u00e7bir bilgi, kimlik ve di\u011fer ki\u015fisel verilere ba\u011fl\u0131 olmamaktad\u0131r. Veri ihlallerine kar\u015f\u0131, bilgisayar a\u011f\u0131, uygulamalar\u0131 ve veri taban\u0131n\u0131n g\u00fcvenli olmas\u0131 ve yetkisiz giri\u015flere ve kullan\u0131ma kapal\u0131 olmas\u0131 i\u00e7in \u00f6nlemler al\u0131yoruz. Ki\u015fisel verileriniz ile ilgili g\u00fcvenlik kayg\u0131n\u0131z var ise, bu bilgileri e posta yoluyla g\u00f6nderiniz. Web sitemiz di\u011fer web sitelerine veya internet kaynaklar\u0131na ba\u011flant\u0131 verebilir. Bu ba\u011flant\u0131lardan birine girdi\u011finizde ba\u015fka bir web sitesine veya internet kayna\u011f\u0131na ge\u00e7i\u015f yapm\u0131\u015f olursunuz. Bu kaynak, iste\u011finiz do\u011frultuda veya \u201ccookies\u201d veya di\u011fer ara\u00e7larla sizden bilgi alabilir. Web sitemizin bu web siteler veya internet kaynaklar\u0131 veya bunlar\u0131n bilginizi toplamas\u0131, kullanmas\u0131 veya if\u015fa etmesi ile ilgili bir sorumluluk, y\u00fck\u00fcml\u00fcl\u00fck veya kontrol\u00fc yoktur. Di\u011fer web sitesi ve internet kaynaklar\u0131n\u0131n gizlilik politikalar\u0131n\u0131 g\u00f6zden ge\u00e7irmeniz ve bilgilerinizi nas\u0131l toplay\u0131p kulland\u0131\u011f\u0131 konusunu anlaman\u0131z gerekir. \u0130LG\u0130L\u0130 K\u0130\u015e\u0130 HAKLARI Kanunun \u201c\u0130lgili ki\u015finin haklar\u0131\u201dn\u0131 d\u00fczenleyen 11. maddesi kapsam\u0131ndaki taleplerinizi, Veri Sorumlusu Ba\u015fvuru Usul ve Esaslar\u0131 Hakk\u0131nda Tebli\u011f\u2019e uygun a\u015fa\u011f\u0131daki \u015fekilde iletebilirsiniz: Islak imzal\u0131 dilek\u00e7e ile adresimize bizzat veya noter arac\u0131l\u0131\u011f\u0131yla. Kimli\u011finizi tespit edici belgelerle birlikte, \u015firketimizin posta adresine iadeli taahh\u00fctl\u00fc posta yoluyla. Sistemimizde kay\u0131tl\u0131 e-posta adresinizi kullanarak info@kolaysoft.com.tr adresine e-posta ile. E-posta adresiniz sistemimizde kay\u0131tl\u0131 de\u011filse, e imzal\u0131 belge ile info@kolaysoft.com.tr Talepleriniz, niteli\u011fine g\u00f6re en ge\u00e7 30 (otuz) g\u00fcn i\u00e7inde, kimlik do\u011frulamas\u0131 yap\u0131ld\u0131ktan sonra sonu\u00e7land\u0131r\u0131l\u0131r. Taleplerinizi daha kolay bildirmek isterseniz &#8220;Ki\u015fisel Veri Sahibi Ba\u015fvuru Formu&#8221;nu doldurabilirsiniz. \u00a0 Y\u00dcR\u00dcRL\u00dcK Web sitemizde, zaman i\u00e7inde bu Gizlilik Beyan\u0131nda de\u011fi\u015fiklik veya ekleme yapabilir. Yap\u0131lacak de\u011fi\u015fiklik, web sitesinde yay\u0131nland\u0131\u011f\u0131 tarihten itibaren ge\u00e7erli olur. \u00a0 Kolaysoft Teknoloji Anonim \u015eirketi<\/p>\n","protected":false},"author":1,"featured_media":0,"parent":0,"menu_order":0,"comment_status":"closed","ping_status":"open","template":"elementor_canvas","meta":{"footnotes":""},"class_list":["post-3","page","type-page","status-publish","hentry"],"aioseo_notices":[],"_links":{"self":[{"href":"https:\/\/www.kolaysoft.com.tr\/index.php\/wp-json\/wp\/v2\/pages\/3","targetHints":{"allow":["GET"]}}],"collection":[{"href":"https:\/\/www.kolaysoft.com.tr\/index.php\/wp-json\/wp\/v2\/pages"}],"about":[{"href":"https:\/\/www.kolaysoft.com.tr\/index.php\/wp-json\/wp\/v2\/types\/page"}],"author":[{"embeddable":true,"href":"https:\/\/www.kolaysoft.com.tr\/index.php\/wp-json\/wp\/v2\/users\/1"}],"replies":[{"embeddable":true,"href":"https:\/\/www.kolaysoft.com.tr\/index.php\/wp-json\/wp\/v2\/comments?post=3"}],"version-history":[{"count":6,"href":"https:\/\/www.kolaysoft.com.tr\/index.php\/wp-json\/wp\/v2\/pages\/3\/revisions"}],"predecessor-version":[{"id":6304,"href":"https:\/\/www.kolaysoft.com.tr\/index.php\/wp-json\/wp\/v2\/pages\/3\/revisions\/6304"}],"wp:attachment":[{"href":"https:\/\/www.kolaysoft.com.tr\/index.php\/wp-json\/wp\/v2\/media?parent=3"}],"curies":[{"name":"wp","href":"https:\/\/api.w.org\/{rel}","templated":true}]}}