{"id":5573,"date":"2024-12-18T17:16:04","date_gmt":"2024-12-18T14:16:04","guid":{"rendered":"https:\/\/www.kolaysoft.com.tr\/?page_id=5573"},"modified":"2026-03-10T10:36:15","modified_gmt":"2026-03-10T07:36:15","slug":"e-defter-nedir-ve-avantajlari-nelerdir","status":"publish","type":"page","link":"https:\/\/www.kolaysoft.com.tr\/index.php\/e-defter-nedir-ve-avantajlari-nelerdir\/","title":{"rendered":"e-Defter Nedir, Avantajlar\u0131 Nelerdir?"},"content":{"rendered":"\t\t<div data-elementor-type=\"wp-page\" data-elementor-id=\"5573\" class=\"elementor elementor-5573\">\n\t\t\t\t\t\t<section class=\"elementor-section elementor-top-section elementor-element elementor-element-31c4d5f elementor-section-content-middle elementor-section-boxed elementor-section-height-default elementor-section-height-default wpr-particle-no wpr-jarallax-no wpr-parallax-no wpr-sticky-section-no\" data-id=\"31c4d5f\" data-element_type=\"section\" data-settings=\"{&quot;background_background&quot;:&quot;classic&quot;}\">\n\t\t\t\t\t\t<div class=\"elementor-container elementor-column-gap-default\">\n\t\t\t\t\t<div class=\"elementor-column elementor-col-50 elementor-top-column elementor-element elementor-element-90909c1\" data-id=\"90909c1\" data-element_type=\"column\">\n\t\t\t<div class=\"elementor-widget-wrap elementor-element-populated\">\n\t\t\t\t\t\t<div class=\"elementor-element elementor-element-848fa84 elementor-widget elementor-widget-heading\" data-id=\"848fa84\" data-element_type=\"widget\" data-widget_type=\"heading.default\">\n\t\t\t\t<div class=\"elementor-widget-container\">\n\t\t\t\t\t<h1 class=\"elementor-heading-title elementor-size-default\">Kolay Akademi<\/h1>\t\t\t\t<\/div>\n\t\t\t\t<\/div>\n\t\t\t\t\t<\/div>\n\t\t<\/div>\n\t\t\t\t<div class=\"elementor-column elementor-col-50 elementor-top-column elementor-element elementor-element-1fd2541\" data-id=\"1fd2541\" data-element_type=\"column\">\n\t\t\t<div class=\"elementor-widget-wrap elementor-element-populated\">\n\t\t\t\t\t\t<div class=\"elementor-element elementor-element-f908358 elementor-widget elementor-widget-image\" data-id=\"f908358\" data-element_type=\"widget\" data-widget_type=\"image.default\">\n\t\t\t\t<div class=\"elementor-widget-container\">\n\t\t\t\t\t\t\t\t\t\t\t\t\t\t\t<img fetchpriority=\"high\" decoding=\"async\" width=\"960\" height=\"640\" src=\"https:\/\/www.kolaysoft.com.tr\/wp-content\/uploads\/2024\/12\/students-learning-online-home-people-characters-looking-laptop-studying-with-smartphone.png\" class=\"attachment-large size-large wp-image-5577\" alt=\"\" \/>\t\t\t\t\t\t\t\t\t\t\t\t\t\t\t<\/div>\n\t\t\t\t<\/div>\n\t\t\t\t\t<\/div>\n\t\t<\/div>\n\t\t\t\t\t<\/div>\n\t\t<\/section>\n\t\t\t\t<section class=\"elementor-section elementor-top-section elementor-element elementor-element-d2697eb elementor-section-boxed elementor-section-height-default elementor-section-height-default wpr-particle-no wpr-jarallax-no wpr-parallax-no wpr-sticky-section-no\" data-id=\"d2697eb\" data-element_type=\"section\">\n\t\t\t\t\t\t<div class=\"elementor-container elementor-column-gap-default\">\n\t\t\t\t\t<div class=\"elementor-column elementor-col-100 elementor-top-column elementor-element elementor-element-4812c2a\" data-id=\"4812c2a\" data-element_type=\"column\">\n\t\t\t<div class=\"elementor-widget-wrap elementor-element-populated\">\n\t\t\t\t\t\t<div class=\"elementor-element elementor-element-6be049b elementor-widget elementor-widget-heading\" data-id=\"6be049b\" data-element_type=\"widget\" data-widget_type=\"heading.default\">\n\t\t\t\t<div class=\"elementor-widget-container\">\n\t\t\t\t\t<h2 class=\"elementor-heading-title elementor-size-default\">e-Defter Nedir ve Avantajlar\u0131 Nelerdir?\n<\/h2>\t\t\t\t<\/div>\n\t\t\t\t<\/div>\n\t\t\t\t\t<\/div>\n\t\t<\/div>\n\t\t\t\t\t<\/div>\n\t\t<\/section>\n\t\t\t\t<section class=\"elementor-section elementor-top-section elementor-element elementor-element-89197c9 elementor-section-content-middle elementor-section-boxed elementor-section-height-default elementor-section-height-default wpr-particle-no wpr-jarallax-no wpr-parallax-no wpr-sticky-section-no\" data-id=\"89197c9\" data-element_type=\"section\" data-settings=\"{&quot;background_background&quot;:&quot;classic&quot;}\">\n\t\t\t\t\t\t<div class=\"elementor-container elementor-column-gap-default\">\n\t\t\t\t\t<div class=\"elementor-column elementor-col-100 elementor-top-column elementor-element elementor-element-20a9543\" data-id=\"20a9543\" data-element_type=\"column\" data-settings=\"{&quot;background_background&quot;:&quot;classic&quot;}\">\n\t\t\t<div class=\"elementor-widget-wrap elementor-element-populated\">\n\t\t\t\t\t\t<div class=\"elementor-element elementor-element-1ec372f elementor-widget elementor-widget-spacer\" data-id=\"1ec372f\" data-element_type=\"widget\" data-widget_type=\"spacer.default\">\n\t\t\t\t<div class=\"elementor-widget-container\">\n\t\t\t\t\t\t\t<div class=\"elementor-spacer\">\n\t\t\t<div class=\"elementor-spacer-inner\"><\/div>\n\t\t<\/div>\n\t\t\t\t\t\t<\/div>\n\t\t\t\t<\/div>\n\t\t\t\t\t<\/div>\n\t\t<\/div>\n\t\t\t\t\t<\/div>\n\t\t<\/section>\n\t\t\t\t<section class=\"elementor-section elementor-top-section elementor-element elementor-element-294a9d3 elementor-section-boxed elementor-section-height-default elementor-section-height-default wpr-particle-no wpr-jarallax-no wpr-parallax-no wpr-sticky-section-no\" data-id=\"294a9d3\" data-element_type=\"section\">\n\t\t\t\t\t\t<div class=\"elementor-container elementor-column-gap-default\">\n\t\t\t\t\t<div class=\"elementor-column elementor-col-100 elementor-top-column elementor-element elementor-element-6077c6e\" data-id=\"6077c6e\" data-element_type=\"column\">\n\t\t\t<div class=\"elementor-widget-wrap elementor-element-populated\">\n\t\t\t\t\t\t<div class=\"elementor-element elementor-element-6eb8fbf elementor-widget elementor-widget-text-editor\" data-id=\"6eb8fbf\" data-element_type=\"widget\" data-widget_type=\"text-editor.default\">\n\t\t\t\t<div class=\"elementor-widget-container\">\n\t\t\t\t\t\t\t\t\t<h3><strong>E-Defter Nedir?<\/strong><\/h3><p>E-Defter, Vergi Usul Kanunu ve T\u00fcrk Ticaret Kanunu&#8217;na uygun olarak tutulmas\u0131 gereken yevmiye defteri ve b\u00fcy\u00fck defterin, elektronik ortamda haz\u0131rlan\u0131p saklanmas\u0131n\u0131 sa\u011flayan bir uygulamad\u0131r.<\/p><h4><strong>Kolay E-Defter Kolay Ba\u015fvuru!<\/strong><\/h4><p>Kolaysoft e-Defter ile h\u0131zl\u0131 ve kolay bir \u015fekilde ba\u015fvuru yapabilirsiniz:<\/p><ul><li>Mali M\u00fch\u00fcr ile: Ba\u015fvurunuzu do\u011frudan mali m\u00fch\u00fcr kullanarak ger\u00e7ekle\u015ftirin.<\/li><li>Mali M\u00fch\u00fcrs\u00fcz: Mali m\u00fch\u00fcr olmadan da e-Defter ba\u015fvurusunu kolayca tamamlayabilirsiniz.<\/li><\/ul><h5><strong>Avantajlar:<\/strong><\/h5><ul><li>e-fatura ile entegrasyon sa\u011flanarak kay\u0131tlar\u0131n \u00f6nemli bir boyutunun otomatik ve hatas\u0131z olu\u015fmas\u0131 sa\u011flanabilir<\/li><li>e-Defterleriniz mali m\u00fch\u00fcr gerekmeden g\u00f6nderilir.<\/li><li>T\u00fcm e-Defterleriniz 10 y\u0131l boyunca g\u00fcvenle saklan\u0131r.<\/li><li>\u0130lk defter g\u00f6nderimi Kolaysoft Teknoloji ile birlikte ger\u00e7ekle\u015fir.<\/li><li>7\/24\u00a0 <strong>0850 259 90 90<\/strong> \u00fczerinden\u00a0 \u00fccretsiz destek sa\u011flan\u0131r.<\/li><\/ul><p><strong>Ba\u015fvuru i\u00e7in hemen <a href=\"https:\/\/kolaybasvuru.kolaysoft.com.tr\/kolaybasvuru-home\">kolaybasvuru.kolaysoft.com.tr<\/a> adresini ziyaret edin!<\/strong><\/p><p><strong>Kolay, h\u0131zl\u0131 ve g\u00fcvenli bir e-Defter deneyimi i\u00e7in Kolaysoft Teknoloji&#8217;yi tercih edebilirsiniz.<\/strong><\/p><h5><strong>E-Defterin \u00d6zellikleri<\/strong><\/h5><ul><li><strong>Dijital Ortamda Muhafaza:<\/strong> Fiziksel defter tutma zorunlulu\u011funu ortadan kald\u0131r\u0131r, elektronik ortamda g\u00fcvenli bir \u015fekilde saklan\u0131r.<\/li><li><strong>Yasal Uygunluk:<\/strong> Gelir \u0130daresi Ba\u015fkanl\u0131\u011f\u0131&#8217;n\u0131n belirledi\u011fi standartlara ve formatlara uygun olarak olu\u015fturulur.<\/li><li><strong>Maliyet Tasarrufu:<\/strong> K\u00e2\u011f\u0131t, m\u00fcrekkep ve depolama gibi fiziksel giderleri azalt\u0131r.<\/li><li><strong>Kolay Eri\u015fim:<\/strong> \u0130stenilen d\u00f6neme ait verilere h\u0131zl\u0131 ve kolay eri\u015fim sa\u011flar.<\/li><li><strong>G\u00fcvenlik:<\/strong> Elektronik imza veya mali m\u00fch\u00fcrle imzalanarak verilerin do\u011frulu\u011fu ve b\u00fct\u00fcnl\u00fc\u011f\u00fc garanti alt\u0131na al\u0131n\u0131r.<\/li><\/ul><h5><strong>Kimler e-Defter Uygulamas\u0131na Dahil Olmak Zorundad\u0131r?<\/strong><\/h5><p>8.11.2024\u00a0 tarihli ve 32716 say\u0131l\u0131\u00a0 Resmi\u00a0 Gazetede\u00a0 yay\u0131mlanan ELEKTRON\u0130K\u00a0 DEFTER GENEL TEBL\u0130\u011e\u0130 (SIRA NO: 1)\u2019NDE DE\u011e\u0130\u015e\u0130KL\u0130K YAPILMASINA DA\u0130R 5 s\u0131ra nolu TEBL\u0130\u011e (SIRA NO: 5) gere\u011fince Bilan\u00e7o esas\u0131na g\u00f6re defter tutmak zorunda olan m\u00fckellefler ile ihtiyari olarak bilan\u00e7o esas\u0131na g\u00f6re defter tutmay\u0131 tercih eden m\u00fckelleflerin tamam\u0131, hi\u00e7 bir limite ba\u011fl\u0131 olmaks\u0131z\u0131n e-defter olmak zorundad\u0131rlar.<\/p><h5><strong>\u0130ste\u011fe Ba\u011fl\u0131 Olarak e-Defter\u2019e Ge\u00e7ebilenler:<\/strong><\/h5><p><strong>\u00a0 \u00a0 \u00a0 1.Kamu Mali Y\u00f6netim ve Kontrol Kanunu\u2019na Tabi Kurulu\u015flar:<\/strong><\/p><p>2018 say\u0131l\u0131 Kamu Mali Y\u00f6netim ve Kontrol Kanunu\u2019nda belirtilen idare, kurum ve kurulu\u015flar ile iktisadi kamu kurulu\u015flar\u0131n\u0131n e-Defter tutma zorunlulu\u011fu bulunmamaktad\u0131r. Ancak iste\u011fe ba\u011fl\u0131 olarak uygulamaya dahil olabilirler.<\/p><p><strong>\u00a0 \u00a0 \u00a0 2. Vergi Usul Kanunu\u2019nda Yer Almayan M\u00fckellefler:<\/strong><\/p><p>Vergi Usul Kanunu\u2019nda zorunlu olarak belirtilmeyen di\u011fer m\u00fckellefler de iste\u011fe ba\u011fl\u0131 olarak e-Defter uygulamas\u0131na ge\u00e7ebilirler.<\/p><h5><strong>Ge\u00e7i\u015f S\u00fcreci ve Y\u00fck\u00fcml\u00fcl\u00fckler:<\/strong><\/h5><ul><li>e-Defter\u2019e dahil olan m\u00fckellefler, edefter.gov.tr adresinde format ve standartlar\u0131 belirlenen yevmiye defteri ve b\u00fcy\u00fck defteri dijital olarak tutmak zorundad\u0131r.<\/li><li><strong>Belirtilen S\u00fcrelerde Ge\u00e7i\u015f Yap\u0131lmamas\u0131 Durumunda: <\/strong>Vergi Usul Kanunu uyar\u0131nca belirtilen cezai yapt\u0131r\u0131mlar uygulan\u0131r.<\/li><li><strong>Ka\u011f\u0131t Defter Kullan\u0131m\u0131 Yasaklan\u0131r: <\/strong>Uygulamaya ge\u00e7en m\u00fckellefler, ge\u00e7i\u015f tarihinden sonra defterlerini ka\u011f\u0131t formatta tutamazlar.<\/li><\/ul><h4>\u00a0<\/h4><h4><strong>E-Defterin Avantajlar\u0131<\/strong><\/h4><ul><li>Denetim s\u00fcre\u00e7lerini kolayla\u015ft\u0131r\u0131r,<\/li><li>Fiziksel ar\u015fivleme sorununu ortadan kald\u0131r\u0131r,<\/li><li>\u00c7evre dostu bir \u00e7\u00f6z\u00fcmd\u00fcr,<\/li><li>\u0130\u015f s\u00fcre\u00e7lerini h\u0131zland\u0131r\u0131r ve hatalar\u0131 azalt\u0131r.<\/li><\/ul><p>E-Defter kullan\u0131m\u0131yla \u015firketler dijital d\u00f6n\u00fc\u015f\u00fcm s\u00fcre\u00e7lerini h\u0131zland\u0131r\u0131rken, yasal y\u00fck\u00fcml\u00fcl\u00fcklerini de daha pratik bir \u015fekilde yerine getirebilirler.<\/p><p><strong>Kolay E-Defter<\/strong>, i\u015f y\u00fck\u00fcn\u00fcz\u00fc hafifletmek ve dijital d\u00f6n\u00fc\u015f\u00fcm\u00fcn\u00fcz\u00fc h\u0131zland\u0131rmak i\u00e7in ideal bir \u00e7\u00f6z\u00fcmd\u00fcr!<\/p>\t\t\t\t\t\t\t\t<\/div>\n\t\t\t\t<\/div>\n\t\t\t\t<div class=\"elementor-element elementor-element-c7967e3 elementor-widget elementor-widget-heading\" data-id=\"c7967e3\" data-element_type=\"widget\" data-widget_type=\"heading.default\">\n\t\t\t\t<div class=\"elementor-widget-container\">\n\t\t\t\t\t<h2 class=\"elementor-heading-title elementor-size-default\">E-Defter G\u00f6nderme S\u00fcresi Tablo\n<\/h2>\t\t\t\t<\/div>\n\t\t\t\t<\/div>\n\t\t\t\t<div class=\"elementor-element elementor-element-48e973f elementor-widget elementor-widget-image\" data-id=\"48e973f\" data-element_type=\"widget\" data-widget_type=\"image.default\">\n\t\t\t\t<div class=\"elementor-widget-container\">\n\t\t\t\t\t\t\t\t\t\t\t\t\t\t\t<img decoding=\"async\" width=\"960\" height=\"462\" src=\"https:\/\/www.kolaysoft.com.tr\/wp-content\/uploads\/2024\/12\/e-defter-gonderme-suresi-tablo2.png\" class=\"attachment-large size-large wp-image-5591\" alt=\"\" \/>\t\t\t\t\t\t\t\t\t\t\t\t\t\t\t<\/div>\n\t\t\t\t<\/div>\n\t\t\t\t\t<\/div>\n\t\t<\/div>\n\t\t\t\t\t<\/div>\n\t\t<\/section>\n\t\t\t\t<section class=\"elementor-section elementor-top-section elementor-element elementor-element-7e5aad8 elementor-section-boxed elementor-section-height-default elementor-section-height-default wpr-particle-no wpr-jarallax-no wpr-parallax-no wpr-sticky-section-no\" data-id=\"7e5aad8\" data-element_type=\"section\">\n\t\t\t\t\t\t<div class=\"elementor-container elementor-column-gap-default\">\n\t\t\t\t\t<div class=\"elementor-column elementor-col-100 elementor-top-column elementor-element elementor-element-a4df639\" data-id=\"a4df639\" data-element_type=\"column\">\n\t\t\t<div class=\"elementor-widget-wrap\">\n\t\t\t\t\t\t\t<\/div>\n\t\t<\/div>\n\t\t\t\t\t<\/div>\n\t\t<\/section>\n\t\t\t\t<\/div>\n\t\t","protected":false},"excerpt":{"rendered":"<p>E-Defter, Vergi Usul Kanunu ve T\u00fcrk Ticaret Kanunu\u2019na uygun olarak tutulmas\u0131 gereken yevmiye defteri ve b\u00fcy\u00fck defterin, elektronik ortamda haz\u0131rlan\u0131p saklanmas\u0131n\u0131 sa\u011flayan bir uygulamad\u0131r.<\/p>\n","protected":false},"author":1,"featured_media":5576,"parent":0,"menu_order":0,"comment_status":"closed","ping_status":"closed","template":"elementor_canvas","meta":{"footnotes":""},"class_list":["post-5573","page","type-page","status-publish","has-post-thumbnail","hentry"],"aioseo_notices":[],"_links":{"self":[{"href":"https:\/\/www.kolaysoft.com.tr\/index.php\/wp-json\/wp\/v2\/pages\/5573","targetHints":{"allow":["GET"]}}],"collection":[{"href":"https:\/\/www.kolaysoft.com.tr\/index.php\/wp-json\/wp\/v2\/pages"}],"about":[{"href":"https:\/\/www.kolaysoft.com.tr\/index.php\/wp-json\/wp\/v2\/types\/page"}],"author":[{"embeddable":true,"href":"https:\/\/www.kolaysoft.com.tr\/index.php\/wp-json\/wp\/v2\/users\/1"}],"replies":[{"embeddable":true,"href":"https:\/\/www.kolaysoft.com.tr\/index.php\/wp-json\/wp\/v2\/comments?post=5573"}],"version-history":[{"count":32,"href":"https:\/\/www.kolaysoft.com.tr\/index.php\/wp-json\/wp\/v2\/pages\/5573\/revisions"}],"predecessor-version":[{"id":6219,"href":"https:\/\/www.kolaysoft.com.tr\/index.php\/wp-json\/wp\/v2\/pages\/5573\/revisions\/6219"}],"wp:featuredmedia":[{"embeddable":true,"href":"https:\/\/www.kolaysoft.com.tr\/index.php\/wp-json\/wp\/v2\/media\/5576"}],"wp:attachment":[{"href":"https:\/\/www.kolaysoft.com.tr\/index.php\/wp-json\/wp\/v2\/media?parent=5573"}],"curies":[{"name":"wp","href":"https:\/\/api.w.org\/{rel}","templated":true}]}}