{"id":6300,"date":"2026-04-29T13:39:05","date_gmt":"2026-04-29T10:39:05","guid":{"rendered":"https:\/\/www.kolaysoft.com.tr\/?page_id=6300"},"modified":"2026-04-29T13:41:47","modified_gmt":"2026-04-29T10:41:47","slug":"is-ve-staj-basvurusu-aydinlatma-metni","status":"publish","type":"page","link":"https:\/\/www.kolaysoft.com.tr\/index.php\/is-ve-staj-basvurusu-aydinlatma-metni\/","title":{"rendered":"\u0130\u015e VE STAJ BA\u015eVURUSU AYDINLATMA METN\u0130"},"content":{"rendered":"\t\t<div data-elementor-type=\"wp-page\" data-elementor-id=\"6300\" class=\"elementor elementor-6300\">\n\t\t\t\t\t\t<section class=\"elementor-section elementor-top-section elementor-element elementor-element-d6234fa elementor-section-boxed elementor-section-height-default elementor-section-height-default wpr-particle-no wpr-jarallax-no wpr-parallax-no wpr-sticky-section-no\" data-id=\"d6234fa\" data-element_type=\"section\">\n\t\t\t\t\t\t<div class=\"elementor-container elementor-column-gap-default\">\n\t\t\t\t\t<div class=\"elementor-column elementor-col-100 elementor-top-column elementor-element elementor-element-d1e43b0\" data-id=\"d1e43b0\" data-element_type=\"column\">\n\t\t\t<div class=\"elementor-widget-wrap elementor-element-populated\">\n\t\t\t\t\t\t<div class=\"elementor-element elementor-element-0375742 elementor-widget elementor-widget-heading\" data-id=\"0375742\" data-element_type=\"widget\" data-widget_type=\"heading.default\">\n\t\t\t\t<div class=\"elementor-widget-container\">\n\t\t\t\t\t<h2 class=\"elementor-heading-title elementor-size-default\">KOLAYSOFT TEKNOLOJ\u0130 A.\u015e.<br>\n\u0130\u015e VE STAJ BA\u015eVURUSU AYDINLATMA METN\u0130\n<\/h2>\t\t\t\t<\/div>\n\t\t\t\t<\/div>\n\t\t\t\t<div class=\"elementor-element elementor-element-f30d873 elementor-widget elementor-widget-text-editor\" data-id=\"f30d873\" data-element_type=\"widget\" data-widget_type=\"text-editor.default\">\n\t\t\t\t<div class=\"elementor-widget-container\">\n\t\t\t\t\t\t\t\t\t<p>6698 say\u0131l\u0131 Ki\u015fisel Verilerin Korunmas\u0131 Kanunu (&#8220;Kanun&#8221;) ve Ayd\u0131nlatma Y\u00fck\u00fcml\u00fcl\u00fc\u011f\u00fcn\u00fcn Yerine Getirilmesinde Uyulacak Usul ve Esaslar Hakk\u0131nda Tebli\u011f kapsam\u0131nda, &#8220;\u0130\u015f Ba\u015fvurusu veya Staj Ba\u015fvurusu&#8221; formunu doldurarak taraf\u0131m\u0131zla payla\u015ft\u0131\u011f\u0131n\u0131z ki\u015fisel verileriniz ile ilgili olarak veri sorumlusu s\u0131fat\u0131yla sizleri bilgilendirmek isteriz.<\/p><table width=\"559\"><tbody><tr><td width=\"559\"><p><strong>MERS\u0130S Numaras\u0131: <\/strong>0575046400200017<\/p><\/td><\/tr><tr><td width=\"559\"><p><strong>Adresi: <\/strong>YDA Center K\u0131z\u0131l\u0131rmak Mahallesi Dumlup\u0131nar Bulvar\u0131 No:9\/A567 \u00c7ankaya \/ Ankara<\/p><\/td><\/tr><tr><td width=\"559\"><p><strong>Telefon: <\/strong>850 259 90 90\u00a0 <strong>E-mail: <\/strong>info@kolaysoft.com.tr<\/p><\/td><\/tr><\/tbody><\/table><ol><li><strong><br \/><\/strong><strong> Veri Sorumlusunun Kimli\u011fi<\/strong><\/li><\/ol><p>Ki\u015fisel verileriniz, veri sorumlusu s\u0131fat\u0131yla Kolaysoft Teknoloji A.\u015e. (\u201c\u015eirket\u201d) taraf\u0131ndan Kanun\u2019a uygun olarak a\u015fa\u011f\u0131da a\u00e7\u0131klanan kapsamda i\u015flenebilecektir.<\/p><p><strong>\u00a0<\/strong><\/p><ol start=\"2\"><li><strong> Ki\u015fisel Verilerin Hangi Ama\u00e7la \u0130\u015flenece\u011fi<\/strong><\/li><\/ol><p>Web sitemizde yer alan ilgili ba\u015fvuru formu ve (e\u011fer y\u00fckleniyorsa) \u00f6zge\u00e7mi\u015finiz arac\u0131l\u0131\u011f\u0131yla elde edilen Kimlik (ad, soyad, do\u011fum yeri ve tarihi T.C. kimlik numaras\u0131 vb.), \u0130leti\u015fim (telefon numaras\u0131, e-posta adresi), CV dosyas\u0131 ile eklenen mesleki deneyim (e\u011fitim bilgileri, \u00f6nceki i\u015f deneyimleri) ve di\u011fer \u00f6zl\u00fck verileriniz;<\/p><ul><li>\u00c7al\u0131\u015fan aday\u0131 ve stajyer se\u00e7me ve yerle\u015ftirme s\u00fcre\u00e7lerinin y\u00fcr\u00fct\u00fclmesi,<\/li><li>\u00c7al\u0131\u015fan adaylar\u0131n\u0131n ba\u015fvuru s\u00fcre\u00e7lerinin de\u011ferlendirilmesi ve y\u00fcr\u00fct\u00fclmesi,<\/li><li>\u0130nsan kaynaklar\u0131 operasyonlar\u0131n\u0131n ve planlama s\u00fcre\u00e7lerinin y\u00fcr\u00fct\u00fclmesi,<\/li><li>\u0130leride do\u011fabilecek a\u00e7\u0131k pozisyonlar i\u00e7in sizinle ileti\u015fime ge\u00e7ilebilmesi<\/li><\/ul><p>ama\u00e7lar\u0131yla i\u015flenmektedir.<\/p><p><strong>\u00a0<\/strong><\/p><ol start=\"3\"><li><strong> Ki\u015fisel Veri Toplaman\u0131n Y\u00f6ntemi ve Hukuki Sebebi<\/strong><\/li><\/ol><p>Ki\u015fisel verileriniz, internet sitemiz \u00fczerinde yer alan formun elektronik ortamda doldurulmas\u0131 ve taraf\u0131m\u0131za iletilmesi suretiyle tamamen veya k\u0131smen otomatik yollarla toplanmaktad\u0131r.<\/p><p>Bu ki\u015fisel verileriniz, Kanun\u2019un 5. maddesinin 2. f\u0131kras\u0131nda yer alan;<\/p><ul><li>\u0130\u015f veya staj s\u00f6zle\u015fmesinin kurulmas\u0131na y\u00f6nelik ad\u0131mlar\u0131n at\u0131lmas\u0131 kapsam\u0131nda <strong>&#8220;Bir s\u00f6zle\u015fmenin kurulmas\u0131 veya ifas\u0131yla do\u011frudan do\u011fruya ilgili olmas\u0131 kayd\u0131yla, s\u00f6zle\u015fmenin taraflar\u0131na ait ki\u015fisel verilerin i\u015flenmesinin gerekli olmas\u0131&#8221;<\/strong>,<\/li><li>\u0130\u015fe al\u0131m s\u00fcrecinin de\u011ferlendirilebilmesi ve \u015firket prensiplerine uygunlu\u011fun tespit edilebilmesi kapsam\u0131nda <strong>&#8220;\u0130lgili ki\u015finin temel hak ve \u00f6zg\u00fcrl\u00fcklerine zarar vermemek kayd\u0131yla, veri sorumlusunun me\u015fru menfaatleri i\u00e7in veri i\u015flenmesinin zorunlu olmas\u0131&#8221;<\/strong><\/li><\/ul><p>hukuki sebeplerine dayan\u0131larak i\u015flenmektedir.<\/p><p><strong>\u00a0<\/strong><\/p><ol start=\"4\"><li><strong> \u0130\u015flenen Ki\u015fisel Verilerin Kimlere ve Hangi Ama\u00e7la Aktar\u0131labilece\u011fi<\/strong><\/li><\/ol><p>Bu form arac\u0131l\u0131\u011f\u0131yla elde edilen ki\u015fisel verileriniz kural olarak \u00fc\u00e7\u00fcnc\u00fc ki\u015filerle payla\u015f\u0131lmamaktad\u0131r. Ancak Kanun&#8217;un 8. maddesinde belirtilen \u015fartlar dahilinde; hukuki uyu\u015fmazl\u0131klar\u0131n giderilmesi, yetkili ki\u015fi, kurum ve kurulu\u015flara bilgi verilmesi ama\u00e7lar\u0131yla s\u0131n\u0131rl\u0131 olmak \u00fczere yasal mercilerle, yasal y\u00fck\u00fcml\u00fcl\u00fcklerimizin ifas\u0131 kapsam\u0131nda payla\u015f\u0131labilecektir.<\/p><p><strong>\u00a0<\/strong><\/p><ol start=\"5\"><li><strong> \u0130lgili Ki\u015finin Kanun\u2019un 11. Maddesinde Say\u0131lan Haklar\u0131<\/strong><\/li><\/ol><p>Taraf\u0131m\u0131zca i\u015flenen ki\u015fisel verilerinize ili\u015fkin olarak Kanunun 11. maddesi kapsam\u0131ndaki taleplerinizi; Veri Sorumlusu Ba\u015fvuru Usul ve Esaslar\u0131 Hakk\u0131nda Tebli\u011f\u2019e uygun a\u015fa\u011f\u0131daki \u015fekilde iletebilirsiniz:<\/p><ul><li>Islak imzal\u0131 dilek\u00e7e ile adresimize bizzat veya noter arac\u0131l\u0131\u011f\u0131yla.<\/li><li>Kimli\u011finizi tespit edici belgelerle birlikte, \u015firketimizin posta adresine iadeli taahh\u00fctl\u00fc posta yoluyla.<\/li><li>Sistemimizde kay\u0131tl\u0131 e-posta adresinizi kullanarak info@kolaysoft.com.tr adresine e-posta ile.<\/li><li>E-posta adresiniz sistemimizde kay\u0131tl\u0131 de\u011filse, e imzal\u0131 belge ile info@kolaysoft.com.tr adresine.<\/li><\/ul><p>Talepleriniz, niteli\u011fine g\u00f6re en ge\u00e7 30 (otuz) g\u00fcn i\u00e7inde, kimlik do\u011frulamas\u0131 yap\u0131ld\u0131ktan sonra sonu\u00e7land\u0131r\u0131l\u0131r.<\/p><p>Taleplerinizi daha kolay bildirmek isterseniz &#8220;Ki\u015fisel Veri Sahibi Ba\u015fvuru Formu&#8221;nu doldurabilirsiniz.<\/p><p><strong>Kolaysoft Teknoloji Anonim \u015eirketi<\/strong><\/p>\t\t\t\t\t\t\t\t<\/div>\n\t\t\t\t<\/div>\n\t\t\t\t\t<\/div>\n\t\t<\/div>\n\t\t\t\t\t<\/div>\n\t\t<\/section>\n\t\t\t\t<\/div>\n\t\t","protected":false},"excerpt":{"rendered":"<p>KOLAYSOFT TEKNOLOJ\u0130 A.\u015e. \u0130\u015e VE STAJ BA\u015eVURUSU AYDINLATMA METN\u0130 6698 say\u0131l\u0131 Ki\u015fisel Verilerin Korunmas\u0131 Kanunu (&#8220;Kanun&#8221;) ve Ayd\u0131nlatma Y\u00fck\u00fcml\u00fcl\u00fc\u011f\u00fcn\u00fcn Yerine Getirilmesinde Uyulacak Usul ve Esaslar Hakk\u0131nda Tebli\u011f kapsam\u0131nda, &#8220;\u0130\u015f Ba\u015fvurusu veya Staj Ba\u015fvurusu&#8221; formunu doldurarak taraf\u0131m\u0131zla payla\u015ft\u0131\u011f\u0131n\u0131z ki\u015fisel verileriniz ile ilgili olarak veri sorumlusu s\u0131fat\u0131yla sizleri bilgilendirmek isteriz. MERS\u0130S Numaras\u0131: 0575046400200017 Adresi: YDA Center K\u0131z\u0131l\u0131rmak Mahallesi Dumlup\u0131nar Bulvar\u0131 No:9\/A567 \u00c7ankaya \/ Ankara Telefon: 850 259 90 90\u00a0 E-mail: info@kolaysoft.com.tr Veri Sorumlusunun Kimli\u011fi Ki\u015fisel verileriniz, veri sorumlusu s\u0131fat\u0131yla Kolaysoft Teknoloji A.\u015e. (\u201c\u015eirket\u201d) taraf\u0131ndan Kanun\u2019a uygun olarak a\u015fa\u011f\u0131da a\u00e7\u0131klanan kapsamda i\u015flenebilecektir. \u00a0 Ki\u015fisel Verilerin Hangi Ama\u00e7la \u0130\u015flenece\u011fi Web sitemizde yer alan ilgili ba\u015fvuru formu ve (e\u011fer y\u00fckleniyorsa) \u00f6zge\u00e7mi\u015finiz arac\u0131l\u0131\u011f\u0131yla elde edilen Kimlik (ad, soyad, do\u011fum yeri ve tarihi T.C. kimlik numaras\u0131 vb.), \u0130leti\u015fim (telefon numaras\u0131, e-posta adresi), CV dosyas\u0131 ile eklenen mesleki deneyim (e\u011fitim bilgileri, \u00f6nceki i\u015f deneyimleri) ve di\u011fer \u00f6zl\u00fck verileriniz; \u00c7al\u0131\u015fan aday\u0131 ve stajyer se\u00e7me ve yerle\u015ftirme s\u00fcre\u00e7lerinin y\u00fcr\u00fct\u00fclmesi, \u00c7al\u0131\u015fan adaylar\u0131n\u0131n ba\u015fvuru s\u00fcre\u00e7lerinin de\u011ferlendirilmesi ve y\u00fcr\u00fct\u00fclmesi, \u0130nsan kaynaklar\u0131 operasyonlar\u0131n\u0131n ve planlama s\u00fcre\u00e7lerinin y\u00fcr\u00fct\u00fclmesi, \u0130leride do\u011fabilecek a\u00e7\u0131k pozisyonlar i\u00e7in sizinle ileti\u015fime ge\u00e7ilebilmesi ama\u00e7lar\u0131yla i\u015flenmektedir. \u00a0 Ki\u015fisel Veri Toplaman\u0131n Y\u00f6ntemi ve Hukuki Sebebi Ki\u015fisel verileriniz, internet sitemiz \u00fczerinde yer alan formun elektronik ortamda doldurulmas\u0131 ve taraf\u0131m\u0131za iletilmesi suretiyle tamamen veya k\u0131smen otomatik yollarla toplanmaktad\u0131r. Bu ki\u015fisel verileriniz, Kanun\u2019un 5. maddesinin 2. f\u0131kras\u0131nda yer alan; \u0130\u015f veya staj s\u00f6zle\u015fmesinin kurulmas\u0131na y\u00f6nelik ad\u0131mlar\u0131n at\u0131lmas\u0131 kapsam\u0131nda &#8220;Bir s\u00f6zle\u015fmenin kurulmas\u0131 veya ifas\u0131yla do\u011frudan do\u011fruya ilgili olmas\u0131 kayd\u0131yla, s\u00f6zle\u015fmenin taraflar\u0131na ait ki\u015fisel verilerin i\u015flenmesinin gerekli olmas\u0131&#8221;, \u0130\u015fe al\u0131m s\u00fcrecinin de\u011ferlendirilebilmesi ve \u015firket prensiplerine uygunlu\u011fun tespit edilebilmesi kapsam\u0131nda &#8220;\u0130lgili ki\u015finin temel hak ve \u00f6zg\u00fcrl\u00fcklerine zarar vermemek kayd\u0131yla, veri sorumlusunun me\u015fru menfaatleri i\u00e7in veri i\u015flenmesinin zorunlu olmas\u0131&#8221; hukuki sebeplerine dayan\u0131larak i\u015flenmektedir. \u00a0 \u0130\u015flenen Ki\u015fisel Verilerin Kimlere ve Hangi Ama\u00e7la Aktar\u0131labilece\u011fi Bu form arac\u0131l\u0131\u011f\u0131yla elde edilen ki\u015fisel verileriniz kural olarak \u00fc\u00e7\u00fcnc\u00fc ki\u015filerle payla\u015f\u0131lmamaktad\u0131r. Ancak Kanun&#8217;un 8. maddesinde belirtilen \u015fartlar dahilinde; hukuki uyu\u015fmazl\u0131klar\u0131n giderilmesi, yetkili ki\u015fi, kurum ve kurulu\u015flara bilgi verilmesi ama\u00e7lar\u0131yla s\u0131n\u0131rl\u0131 olmak \u00fczere yasal mercilerle, yasal y\u00fck\u00fcml\u00fcl\u00fcklerimizin ifas\u0131 kapsam\u0131nda payla\u015f\u0131labilecektir. \u00a0 \u0130lgili Ki\u015finin Kanun\u2019un 11. Maddesinde Say\u0131lan Haklar\u0131 Taraf\u0131m\u0131zca i\u015flenen ki\u015fisel verilerinize ili\u015fkin olarak Kanunun 11. maddesi kapsam\u0131ndaki taleplerinizi; Veri Sorumlusu Ba\u015fvuru Usul ve Esaslar\u0131 Hakk\u0131nda Tebli\u011f\u2019e uygun a\u015fa\u011f\u0131daki \u015fekilde iletebilirsiniz: Islak imzal\u0131 dilek\u00e7e ile adresimize bizzat veya noter arac\u0131l\u0131\u011f\u0131yla. Kimli\u011finizi tespit edici belgelerle birlikte, \u015firketimizin posta adresine iadeli taahh\u00fctl\u00fc posta yoluyla. Sistemimizde kay\u0131tl\u0131 e-posta adresinizi kullanarak info@kolaysoft.com.tr adresine e-posta ile. E-posta adresiniz sistemimizde kay\u0131tl\u0131 de\u011filse, e imzal\u0131 belge ile info@kolaysoft.com.tr adresine. Talepleriniz, niteli\u011fine g\u00f6re en ge\u00e7 30 (otuz) g\u00fcn i\u00e7inde, kimlik do\u011frulamas\u0131 yap\u0131ld\u0131ktan sonra sonu\u00e7land\u0131r\u0131l\u0131r. Taleplerinizi daha kolay bildirmek isterseniz &#8220;Ki\u015fisel Veri Sahibi Ba\u015fvuru Formu&#8221;nu doldurabilirsiniz. Kolaysoft Teknoloji Anonim \u015eirketi<\/p>\n","protected":false},"author":1,"featured_media":0,"parent":0,"menu_order":0,"comment_status":"closed","ping_status":"closed","template":"elementor_canvas","meta":{"footnotes":""},"class_list":["post-6300","page","type-page","status-publish","hentry"],"aioseo_notices":[],"_links":{"self":[{"href":"https:\/\/www.kolaysoft.com.tr\/index.php\/wp-json\/wp\/v2\/pages\/6300","targetHints":{"allow":["GET"]}}],"collection":[{"href":"https:\/\/www.kolaysoft.com.tr\/index.php\/wp-json\/wp\/v2\/pages"}],"about":[{"href":"https:\/\/www.kolaysoft.com.tr\/index.php\/wp-json\/wp\/v2\/types\/page"}],"author":[{"embeddable":true,"href":"https:\/\/www.kolaysoft.com.tr\/index.php\/wp-json\/wp\/v2\/users\/1"}],"replies":[{"embeddable":true,"href":"https:\/\/www.kolaysoft.com.tr\/index.php\/wp-json\/wp\/v2\/comments?post=6300"}],"version-history":[{"count":7,"href":"https:\/\/www.kolaysoft.com.tr\/index.php\/wp-json\/wp\/v2\/pages\/6300\/revisions"}],"predecessor-version":[{"id":6310,"href":"https:\/\/www.kolaysoft.com.tr\/index.php\/wp-json\/wp\/v2\/pages\/6300\/revisions\/6310"}],"wp:attachment":[{"href":"https:\/\/www.kolaysoft.com.tr\/index.php\/wp-json\/wp\/v2\/media?parent=6300"}],"curies":[{"name":"wp","href":"https:\/\/api.w.org\/{rel}","templated":true}]}}