{"id":822,"date":"2023-01-01T17:46:08","date_gmt":"2023-01-01T14:46:08","guid":{"rendered":"https:\/\/web.kolaysoft.com.tr\/?page_id=822"},"modified":"2026-03-10T10:35:19","modified_gmt":"2026-03-10T07:35:19","slug":"basarilarimiz","status":"publish","type":"page","link":"https:\/\/www.kolaysoft.com.tr\/index.php\/basarilarimiz\/","title":{"rendered":"Ba\u015far\u0131lar\u0131m\u0131z"},"content":{"rendered":"\t\t<div data-elementor-type=\"wp-page\" data-elementor-id=\"822\" class=\"elementor elementor-822\">\n\t\t\t\t\t\t<section class=\"elementor-section elementor-top-section elementor-element elementor-element-7322404b elementor-section-height-min-height elementor-section-stretched elementor-section-boxed elementor-section-height-default elementor-section-items-middle wpr-particle-no wpr-jarallax-no wpr-parallax-no wpr-sticky-section-no\" data-id=\"7322404b\" data-element_type=\"section\" data-settings=\"{&quot;background_background&quot;:&quot;classic&quot;,&quot;stretch_section&quot;:&quot;section-stretched&quot;}\">\n\t\t\t\t\t\t<div class=\"elementor-container elementor-column-gap-default\">\n\t\t\t\t\t<div class=\"elementor-column elementor-col-50 elementor-top-column elementor-element elementor-element-999c7a9\" data-id=\"999c7a9\" data-element_type=\"column\">\n\t\t\t<div class=\"elementor-widget-wrap elementor-element-populated\">\n\t\t\t\t\t\t<div class=\"elementor-element elementor-element-72dd486d elementor-widget elementor-widget-heading\" data-id=\"72dd486d\" data-element_type=\"widget\" data-widget_type=\"heading.default\">\n\t\t\t\t<div class=\"elementor-widget-container\">\n\t\t\t\t\t<h1 class=\"elementor-heading-title elementor-size-default\">Ba\u015far\u0131lar\u0131m\u0131z<\/h1>\t\t\t\t<\/div>\n\t\t\t\t<\/div>\n\t\t\t\t\t<\/div>\n\t\t<\/div>\n\t\t\t\t<div class=\"elementor-column elementor-col-50 elementor-top-column elementor-element elementor-element-17e21ec3\" data-id=\"17e21ec3\" data-element_type=\"column\">\n\t\t\t<div class=\"elementor-widget-wrap elementor-element-populated\">\n\t\t\t\t\t\t<div class=\"elementor-element elementor-element-19304fec elementor-widget elementor-widget-image\" data-id=\"19304fec\" data-element_type=\"widget\" data-widget_type=\"image.default\">\n\t\t\t\t<div class=\"elementor-widget-container\">\n\t\t\t\t\t\t\t\t\t\t\t\t\t\t\t<img fetchpriority=\"high\" decoding=\"async\" width=\"434\" height=\"432\" src=\"https:\/\/www.kolaysoft.com.tr\/wp-content\/uploads\/2023\/01\/basari2.png\" class=\"attachment-full size-full wp-image-408\" alt=\"\" \/>\t\t\t\t\t\t\t\t\t\t\t\t\t\t\t<\/div>\n\t\t\t\t<\/div>\n\t\t\t\t\t<\/div>\n\t\t<\/div>\n\t\t\t\t\t<\/div>\n\t\t<\/section>\n\t\t\t\t<section class=\"elementor-section elementor-top-section elementor-element elementor-element-a43ad86 elementor-section-boxed elementor-section-height-default elementor-section-height-default wpr-particle-no wpr-jarallax-no wpr-parallax-no wpr-sticky-section-no\" data-id=\"a43ad86\" data-element_type=\"section\">\n\t\t\t\t\t\t<div class=\"elementor-container elementor-column-gap-default\">\n\t\t\t\t\t<div class=\"elementor-column elementor-col-100 elementor-top-column elementor-element elementor-element-76a166d\" data-id=\"76a166d\" data-element_type=\"column\">\n\t\t\t<div class=\"elementor-widget-wrap elementor-element-populated\">\n\t\t\t\t\t\t<div class=\"elementor-element elementor-element-539c48d2 elementor-widget elementor-widget-spacer\" data-id=\"539c48d2\" data-element_type=\"widget\" data-widget_type=\"spacer.default\">\n\t\t\t\t<div class=\"elementor-widget-container\">\n\t\t\t\t\t\t\t<div class=\"elementor-spacer\">\n\t\t\t<div class=\"elementor-spacer-inner\"><\/div>\n\t\t<\/div>\n\t\t\t\t\t\t<\/div>\n\t\t\t\t<\/div>\n\t\t\t\t\t<\/div>\n\t\t<\/div>\n\t\t\t\t\t<\/div>\n\t\t<\/section>\n\t\t\t\t<section class=\"elementor-section elementor-top-section elementor-element elementor-element-bbee705 elementor-section-boxed elementor-section-height-default elementor-section-height-default wpr-particle-no wpr-jarallax-no wpr-parallax-no wpr-sticky-section-no elementor-invisible\" data-id=\"bbee705\" data-element_type=\"section\" data-settings=\"{&quot;animation&quot;:&quot;slideInRight&quot;}\">\n\t\t\t\t\t\t<div class=\"elementor-container elementor-column-gap-default\">\n\t\t\t\t\t<div class=\"elementor-column elementor-col-66 elementor-top-column elementor-element elementor-element-b21a8cb\" data-id=\"b21a8cb\" data-element_type=\"column\">\n\t\t\t<div class=\"elementor-widget-wrap elementor-element-populated\">\n\t\t\t\t\t\t<section class=\"elementor-section elementor-inner-section elementor-element elementor-element-cf051d8 elementor-section-boxed elementor-section-height-default elementor-section-height-default wpr-particle-no wpr-jarallax-no wpr-parallax-no wpr-sticky-section-no\" data-id=\"cf051d8\" data-element_type=\"section\">\n\t\t\t\t\t\t<div class=\"elementor-container elementor-column-gap-default\">\n\t\t\t\t\t<div class=\"elementor-column elementor-col-50 elementor-inner-column elementor-element elementor-element-037e22f\" data-id=\"037e22f\" data-element_type=\"column\">\n\t\t\t<div class=\"elementor-widget-wrap\">\n\t\t\t\t\t\t\t<\/div>\n\t\t<\/div>\n\t\t\t\t<div class=\"elementor-column elementor-col-50 elementor-inner-column elementor-element elementor-element-ab01a6c\" data-id=\"ab01a6c\" data-element_type=\"column\">\n\t\t\t<div class=\"elementor-widget-wrap elementor-element-populated\">\n\t\t\t\t\t\t<div class=\"elementor-element elementor-element-4bdb5fc elementor-widget elementor-widget-heading\" data-id=\"4bdb5fc\" data-element_type=\"widget\" data-widget_type=\"heading.default\">\n\t\t\t\t<div class=\"elementor-widget-container\">\n\t\t\t\t\t<h2 class=\"elementor-heading-title elementor-size-default\"> PSM Awards 2024\u2019te Alt\u0131n \u00d6d\u00fcl \n<\/h2>\t\t\t\t<\/div>\n\t\t\t\t<\/div>\n\t\t\t\t\t<\/div>\n\t\t<\/div>\n\t\t\t\t\t<\/div>\n\t\t<\/section>\n\t\t\t\t<div class=\"elementor-element elementor-element-57000f6 elementor-widget elementor-widget-text-editor\" data-id=\"57000f6\" data-element_type=\"widget\" data-widget_type=\"text-editor.default\">\n\t\t\t\t<div class=\"elementor-widget-container\">\n\t\t\t\t\t\t\t\t\t<p>Finansal teknoloji sekt\u00f6r\u00fcn\u00fcn en prestijli organizasyonlar\u0131ndan biri olan\u00a0<strong>Mastercard PSM Awards,<\/strong>bu y\u0131l \u201cGelecek Burada\u201d temas\u0131yla 7. kez d\u00fczenlendi. Kolaysoft Teknoloji ve Pavo i\u015f birli\u011fiyle hayata ge\u00e7irilen Eczac\u0131POS Projesi, \u201cEkosistem Geli\u015ftiren \u0130\u015f Birlikleri\u201d kategorisinde Alt\u0131n \u00d6d\u00fcl kazand\u0131.<\/p>\t\t\t\t\t\t\t\t<\/div>\n\t\t\t\t<\/div>\n\t\t\t\t\t<\/div>\n\t\t<\/div>\n\t\t\t\t<div class=\"elementor-column elementor-col-33 elementor-top-column elementor-element elementor-element-6cf0a2e\" data-id=\"6cf0a2e\" data-element_type=\"column\">\n\t\t\t<div class=\"elementor-widget-wrap elementor-element-populated\">\n\t\t\t\t\t\t<div class=\"elementor-element elementor-element-a7d4453 elementor-widget elementor-widget-image\" data-id=\"a7d4453\" data-element_type=\"widget\" data-widget_type=\"image.default\">\n\t\t\t\t<div class=\"elementor-widget-container\">\n\t\t\t\t\t\t\t\t\t\t\t\t\t\t\t<img decoding=\"async\" width=\"620\" height=\"372\" src=\"https:\/\/www.kolaysoft.com.tr\/wp-content\/uploads\/2025\/01\/EczaciPOSa-Altin-Odul_manset-620x372-1.jpg\" class=\"attachment-large size-large wp-image-5699\" alt=\"\" \/>\t\t\t\t\t\t\t\t\t\t\t\t\t\t\t<\/div>\n\t\t\t\t<\/div>\n\t\t\t\t\t<\/div>\n\t\t<\/div>\n\t\t\t\t\t<\/div>\n\t\t<\/section>\n\t\t\t\t<section class=\"elementor-section elementor-top-section elementor-element elementor-element-62e9a971 elementor-section-boxed elementor-section-height-default elementor-section-height-default wpr-particle-no wpr-jarallax-no wpr-parallax-no wpr-sticky-section-no elementor-invisible\" data-id=\"62e9a971\" data-element_type=\"section\" data-settings=\"{&quot;animation&quot;:&quot;slideInLeft&quot;}\">\n\t\t\t\t\t\t<div class=\"elementor-container elementor-column-gap-default\">\n\t\t\t\t\t<div class=\"elementor-column elementor-col-33 elementor-top-column elementor-element elementor-element-76a02887\" data-id=\"76a02887\" data-element_type=\"column\">\n\t\t\t<div class=\"elementor-widget-wrap elementor-element-populated\">\n\t\t\t\t\t\t<div class=\"elementor-element elementor-element-70826b64 elementor-widget elementor-widget-image\" data-id=\"70826b64\" data-element_type=\"widget\" data-widget_type=\"image.default\">\n\t\t\t\t<div class=\"elementor-widget-container\">\n\t\t\t\t\t\t\t\t\t\t\t\t\t\t\t<img decoding=\"async\" width=\"510\" height=\"340\" src=\"https:\/\/www.kolaysoft.com.tr\/wp-content\/uploads\/2023\/01\/iasp.webp\" class=\"attachment-full size-full wp-image-37\" alt=\"\" \/>\t\t\t\t\t\t\t\t\t\t\t\t\t\t\t<\/div>\n\t\t\t\t<\/div>\n\t\t\t\t\t<\/div>\n\t\t<\/div>\n\t\t\t\t<div class=\"elementor-column elementor-col-66 elementor-top-column elementor-element elementor-element-4646fd7f\" data-id=\"4646fd7f\" data-element_type=\"column\">\n\t\t\t<div class=\"elementor-widget-wrap elementor-element-populated\">\n\t\t\t\t\t\t<section class=\"elementor-section elementor-inner-section elementor-element elementor-element-3e1040b6 elementor-section-boxed elementor-section-height-default elementor-section-height-default wpr-particle-no wpr-jarallax-no wpr-parallax-no wpr-sticky-section-no\" data-id=\"3e1040b6\" data-element_type=\"section\">\n\t\t\t\t\t\t<div class=\"elementor-container elementor-column-gap-default\">\n\t\t\t\t\t<div class=\"elementor-column elementor-col-50 elementor-inner-column elementor-element elementor-element-14834f70\" data-id=\"14834f70\" data-element_type=\"column\">\n\t\t\t<div class=\"elementor-widget-wrap elementor-element-populated\">\n\t\t\t\t\t\t<div class=\"elementor-element elementor-element-4fcbf89b elementor-widget elementor-widget-heading\" data-id=\"4fcbf89b\" data-element_type=\"widget\" data-widget_type=\"heading.default\">\n\t\t\t\t<div class=\"elementor-widget-container\">\n\t\t\t\t\t<h2 class=\"elementor-heading-title elementor-size-default\">IASP COVID-19 INITIATIVE<\/h2>\t\t\t\t<\/div>\n\t\t\t\t<\/div>\n\t\t\t\t\t<\/div>\n\t\t<\/div>\n\t\t\t\t<div class=\"elementor-column elementor-col-50 elementor-inner-column elementor-element elementor-element-6bace3e8\" data-id=\"6bace3e8\" data-element_type=\"column\">\n\t\t\t<div class=\"elementor-widget-wrap\">\n\t\t\t\t\t\t\t<\/div>\n\t\t<\/div>\n\t\t\t\t\t<\/div>\n\t\t<\/section>\n\t\t\t\t<div class=\"elementor-element elementor-element-35bd4a1c elementor-widget elementor-widget-text-editor\" data-id=\"35bd4a1c\" data-element_type=\"widget\" data-widget_type=\"text-editor.default\">\n\t\t\t\t<div class=\"elementor-widget-container\">\n\t\t\t\t\t\t\t\t\t<p>PEYK; 70 \u00fclke ve 150 bine yak\u0131n firman\u0131n \u00fcye oldu\u011fu Uluslararas\u0131 Teknoparklar Birli\u011fi Derne\u011fi IASP taraf\u0131ndan Covid19 salg\u0131n\u0131na kar\u015f\u0131 i\u015fveren ve \u00e7al\u0131\u015fanlara de\u011fer katan, evden \u00e7al\u0131\u015fma s\u00fcre\u00e7lerini destekleyen inovatif \u00fcr\u00fcn se\u00e7ilerek T\u00fcrkiye\u2019yi Uluslararas\u0131 platformda temsil etmi\u015ftir..<\/p>\t\t\t\t\t\t\t\t<\/div>\n\t\t\t\t<\/div>\n\t\t\t\t\t<\/div>\n\t\t<\/div>\n\t\t\t\t\t<\/div>\n\t\t<\/section>\n\t\t\t\t<section class=\"elementor-section elementor-top-section elementor-element elementor-element-4f2591e7 elementor-section-boxed elementor-section-height-default elementor-section-height-default wpr-particle-no wpr-jarallax-no wpr-parallax-no wpr-sticky-section-no\" data-id=\"4f2591e7\" data-element_type=\"section\">\n\t\t\t\t\t\t<div class=\"elementor-container elementor-column-gap-default\">\n\t\t\t\t\t<div class=\"elementor-column elementor-col-100 elementor-top-column elementor-element elementor-element-4ed997bd\" data-id=\"4ed997bd\" data-element_type=\"column\">\n\t\t\t<div class=\"elementor-widget-wrap elementor-element-populated\">\n\t\t\t\t\t\t<div class=\"elementor-element elementor-element-63c88bd9 elementor-widget elementor-widget-spacer\" data-id=\"63c88bd9\" data-element_type=\"widget\" data-widget_type=\"spacer.default\">\n\t\t\t\t<div class=\"elementor-widget-container\">\n\t\t\t\t\t\t\t<div class=\"elementor-spacer\">\n\t\t\t<div class=\"elementor-spacer-inner\"><\/div>\n\t\t<\/div>\n\t\t\t\t\t\t<\/div>\n\t\t\t\t<\/div>\n\t\t\t\t\t<\/div>\n\t\t<\/div>\n\t\t\t\t\t<\/div>\n\t\t<\/section>\n\t\t\t\t<section class=\"elementor-section elementor-top-section elementor-element elementor-element-70a1d104 elementor-section-boxed elementor-section-height-default elementor-section-height-default wpr-particle-no wpr-jarallax-no wpr-parallax-no wpr-sticky-section-no elementor-invisible\" data-id=\"70a1d104\" data-element_type=\"section\" data-settings=\"{&quot;animation&quot;:&quot;slideInRight&quot;}\">\n\t\t\t\t\t\t<div class=\"elementor-container elementor-column-gap-default\">\n\t\t\t\t\t<div class=\"elementor-column elementor-col-66 elementor-top-column elementor-element elementor-element-40def79d\" data-id=\"40def79d\" data-element_type=\"column\">\n\t\t\t<div class=\"elementor-widget-wrap elementor-element-populated\">\n\t\t\t\t\t\t<section class=\"elementor-section elementor-inner-section elementor-element elementor-element-68262736 elementor-section-boxed elementor-section-height-default elementor-section-height-default wpr-particle-no wpr-jarallax-no wpr-parallax-no wpr-sticky-section-no\" data-id=\"68262736\" data-element_type=\"section\">\n\t\t\t\t\t\t<div class=\"elementor-container elementor-column-gap-default\">\n\t\t\t\t\t<div class=\"elementor-column elementor-col-50 elementor-inner-column elementor-element elementor-element-14f31c86\" data-id=\"14f31c86\" data-element_type=\"column\">\n\t\t\t<div class=\"elementor-widget-wrap\">\n\t\t\t\t\t\t\t<\/div>\n\t\t<\/div>\n\t\t\t\t<div class=\"elementor-column elementor-col-50 elementor-inner-column elementor-element elementor-element-5bbb483c\" data-id=\"5bbb483c\" data-element_type=\"column\">\n\t\t\t<div class=\"elementor-widget-wrap elementor-element-populated\">\n\t\t\t\t\t\t<div class=\"elementor-element elementor-element-a8e864e elementor-widget elementor-widget-heading\" data-id=\"a8e864e\" data-element_type=\"widget\" data-widget_type=\"heading.default\">\n\t\t\t\t<div class=\"elementor-widget-container\">\n\t\t\t\t\t<h2 class=\"elementor-heading-title elementor-size-default\">B\u0130L\u0130\u015e\u0130M 500-2019<\/h2>\t\t\t\t<\/div>\n\t\t\t\t<\/div>\n\t\t\t\t\t<\/div>\n\t\t<\/div>\n\t\t\t\t\t<\/div>\n\t\t<\/section>\n\t\t\t\t<div class=\"elementor-element elementor-element-2f725401 elementor-widget elementor-widget-text-editor\" data-id=\"2f725401\" data-element_type=\"widget\" data-widget_type=\"text-editor.default\">\n\t\t\t\t<div class=\"elementor-widget-container\">\n\t\t\t\t\t\t\t\t\t<p>2019 y\u0131l\u0131nda Tu\u0308rkiye\u2019nin en kapsaml\u0131 bilis\u0327im aras\u0327t\u0131rmalar\u0131; \u201cI\u0307lk 500 Bilis\u0327im S\u0327irketi Aras\u0327t\u0131rmas\u0131\u201dnda, Tu\u0308rkiye, e-do\u0308nu\u0308s\u0327u\u0308m hizmetinde 7. s\u0131radaki bas\u0327ar\u0131m\u0131z\u0131; c\u0327al\u0131s\u0327anlar\u0131m\u0131z, is\u0327 ortaklar\u0131m\u0131z ve mu\u0308s\u0327terilerimiz ile kutlaman\u0131n hakl\u0131 gururunu yas\u0327\u0131yoruz.<\/p>\t\t\t\t\t\t\t\t<\/div>\n\t\t\t\t<\/div>\n\t\t\t\t\t<\/div>\n\t\t<\/div>\n\t\t\t\t<div class=\"elementor-column elementor-col-33 elementor-top-column elementor-element elementor-element-7f463b23\" data-id=\"7f463b23\" data-element_type=\"column\">\n\t\t\t<div class=\"elementor-widget-wrap elementor-element-populated\">\n\t\t\t\t\t\t<div class=\"elementor-element elementor-element-51dbd4c3 elementor-widget elementor-widget-image\" data-id=\"51dbd4c3\" data-element_type=\"widget\" data-widget_type=\"image.default\">\n\t\t\t\t<div class=\"elementor-widget-container\">\n\t\t\t\t\t\t\t\t\t\t\t\t\t\t\t<img loading=\"lazy\" decoding=\"async\" width=\"960\" height=\"960\" src=\"https:\/\/www.kolaysoft.com.tr\/wp-content\/uploads\/2023\/01\/bilisim500-2019.webp\" class=\"attachment-large size-large wp-image-47\" alt=\"\" \/>\t\t\t\t\t\t\t\t\t\t\t\t\t\t\t<\/div>\n\t\t\t\t<\/div>\n\t\t\t\t\t<\/div>\n\t\t<\/div>\n\t\t\t\t\t<\/div>\n\t\t<\/section>\n\t\t\t\t<section class=\"elementor-section elementor-top-section elementor-element elementor-element-1d18543d elementor-section-boxed elementor-section-height-default elementor-section-height-default wpr-particle-no wpr-jarallax-no wpr-parallax-no wpr-sticky-section-no\" data-id=\"1d18543d\" data-element_type=\"section\">\n\t\t\t\t\t\t<div class=\"elementor-container elementor-column-gap-default\">\n\t\t\t\t\t<div class=\"elementor-column elementor-col-100 elementor-top-column elementor-element elementor-element-14d01976\" data-id=\"14d01976\" data-element_type=\"column\">\n\t\t\t<div class=\"elementor-widget-wrap elementor-element-populated\">\n\t\t\t\t\t\t<div class=\"elementor-element elementor-element-1b229acc elementor-widget elementor-widget-spacer\" data-id=\"1b229acc\" data-element_type=\"widget\" data-widget_type=\"spacer.default\">\n\t\t\t\t<div class=\"elementor-widget-container\">\n\t\t\t\t\t\t\t<div class=\"elementor-spacer\">\n\t\t\t<div class=\"elementor-spacer-inner\"><\/div>\n\t\t<\/div>\n\t\t\t\t\t\t<\/div>\n\t\t\t\t<\/div>\n\t\t\t\t\t<\/div>\n\t\t<\/div>\n\t\t\t\t\t<\/div>\n\t\t<\/section>\n\t\t\t\t<section class=\"elementor-section elementor-top-section elementor-element elementor-element-7c848a3b elementor-section-boxed elementor-section-height-default elementor-section-height-default wpr-particle-no wpr-jarallax-no wpr-parallax-no wpr-sticky-section-no elementor-invisible\" data-id=\"7c848a3b\" data-element_type=\"section\" data-settings=\"{&quot;animation&quot;:&quot;slideInLeft&quot;}\">\n\t\t\t\t\t\t<div class=\"elementor-container elementor-column-gap-default\">\n\t\t\t\t\t<div class=\"elementor-column elementor-col-33 elementor-top-column elementor-element elementor-element-6486399\" data-id=\"6486399\" data-element_type=\"column\">\n\t\t\t<div class=\"elementor-widget-wrap elementor-element-populated\">\n\t\t\t\t\t\t<div class=\"elementor-element elementor-element-6b73ff5b elementor-widget elementor-widget-image\" data-id=\"6b73ff5b\" data-element_type=\"widget\" data-widget_type=\"image.default\">\n\t\t\t\t<div class=\"elementor-widget-container\">\n\t\t\t\t\t\t\t\t\t\t\t\t\t\t\t<img loading=\"lazy\" decoding=\"async\" width=\"691\" height=\"709\" src=\"https:\/\/www.kolaysoft.com.tr\/wp-content\/uploads\/2023\/01\/651f367d-3208-4ec2-a49c-33422082e9ef.webp\" class=\"attachment-large size-large wp-image-51\" alt=\"\" \/>\t\t\t\t\t\t\t\t\t\t\t\t\t\t\t<\/div>\n\t\t\t\t<\/div>\n\t\t\t\t\t<\/div>\n\t\t<\/div>\n\t\t\t\t<div class=\"elementor-column elementor-col-66 elementor-top-column elementor-element elementor-element-6866b4c5\" data-id=\"6866b4c5\" data-element_type=\"column\">\n\t\t\t<div class=\"elementor-widget-wrap elementor-element-populated\">\n\t\t\t\t\t\t<section class=\"elementor-section elementor-inner-section elementor-element elementor-element-55771e5f elementor-section-boxed elementor-section-height-default elementor-section-height-default wpr-particle-no wpr-jarallax-no wpr-parallax-no wpr-sticky-section-no\" data-id=\"55771e5f\" data-element_type=\"section\">\n\t\t\t\t\t\t<div class=\"elementor-container elementor-column-gap-default\">\n\t\t\t\t\t<div class=\"elementor-column elementor-col-50 elementor-inner-column elementor-element elementor-element-713393b6\" data-id=\"713393b6\" data-element_type=\"column\">\n\t\t\t<div class=\"elementor-widget-wrap elementor-element-populated\">\n\t\t\t\t\t\t<div class=\"elementor-element elementor-element-4bb7adbf elementor-widget elementor-widget-heading\" data-id=\"4bb7adbf\" data-element_type=\"widget\" data-widget_type=\"heading.default\">\n\t\t\t\t<div class=\"elementor-widget-container\">\n\t\t\t\t\t<h2 class=\"elementor-heading-title elementor-size-default\">B\u0130L\u0130\u015e\u0130M 500-2022<\/h2>\t\t\t\t<\/div>\n\t\t\t\t<\/div>\n\t\t\t\t\t<\/div>\n\t\t<\/div>\n\t\t\t\t<div class=\"elementor-column elementor-col-50 elementor-inner-column elementor-element elementor-element-3db3c12b\" data-id=\"3db3c12b\" data-element_type=\"column\">\n\t\t\t<div class=\"elementor-widget-wrap\">\n\t\t\t\t\t\t\t<\/div>\n\t\t<\/div>\n\t\t\t\t\t<\/div>\n\t\t<\/section>\n\t\t\t\t<div class=\"elementor-element elementor-element-50d475c elementor-widget elementor-widget-text-editor\" data-id=\"50d475c\" data-element_type=\"widget\" data-widget_type=\"text-editor.default\">\n\t\t\t\t<div class=\"elementor-widget-container\">\n\t\t\t\t\t\t\t\t\t<p>Kolaysoft Teknoloji, 2020\u2019ye damgas\u0131n\u0131 vuran bili\u015fim \u015firketleri aras\u0131nda yer alarak, Sistem Entegrat\u00f6rl\u00fc\u011f\u00fc Ve \u0130\u015f Orta\u011f\u0131 Y\u0131l\u0131n E-Fatura, E-Defter, E-Ar\u015fiv Hizmeti kategorisinde 1. S\u0131rada yer ald\u0131. Bu ba\u015far\u0131m\u0131z\u0131 her ge\u00e7en g\u00fcn b\u00fcy\u00fcyen ekibimiz, i\u015f ortaklar\u0131m\u0131z ve m\u00fc\u015fterilerimizle payla\u015f\u0131yoruz.<\/p>\t\t\t\t\t\t\t\t<\/div>\n\t\t\t\t<\/div>\n\t\t\t\t\t<\/div>\n\t\t<\/div>\n\t\t\t\t\t<\/div>\n\t\t<\/section>\n\t\t\t\t<\/div>\n\t\t","protected":false},"excerpt":{"rendered":"<p>Ba\u015far\u0131lar\u0131m\u0131z PSM Awards 2024\u2019te Alt\u0131n \u00d6d\u00fcl Finansal teknoloji sekt\u00f6r\u00fcn\u00fcn en prestijli organizasyonlar\u0131ndan biri olan\u00a0Mastercard PSM Awards,bu y\u0131l \u201cGelecek Burada\u201d temas\u0131yla 7. kez d\u00fczenlendi. Kolaysoft Teknoloji ve Pavo i\u015f birli\u011fiyle hayata ge\u00e7irilen Eczac\u0131POS Projesi, \u201cEkosistem Geli\u015ftiren \u0130\u015f Birlikleri\u201d kategorisinde Alt\u0131n \u00d6d\u00fcl kazand\u0131. IASP COVID-19 INITIATIVE PEYK; 70 \u00fclke ve 150 bine yak\u0131n firman\u0131n \u00fcye oldu\u011fu Uluslararas\u0131 Teknoparklar Birli\u011fi Derne\u011fi IASP taraf\u0131ndan Covid19 salg\u0131n\u0131na kar\u015f\u0131 i\u015fveren ve \u00e7al\u0131\u015fanlara de\u011fer katan, evden \u00e7al\u0131\u015fma s\u00fcre\u00e7lerini destekleyen inovatif \u00fcr\u00fcn se\u00e7ilerek T\u00fcrkiye\u2019yi Uluslararas\u0131 platformda temsil etmi\u015ftir.. B\u0130L\u0130\u015e\u0130M 500-2019 2019 y\u0131l\u0131nda Tu\u0308rkiye\u2019nin en kapsaml\u0131 bilis\u0327im aras\u0327t\u0131rmalar\u0131; \u201cI\u0307lk 500 Bilis\u0327im S\u0327irketi Aras\u0327t\u0131rmas\u0131\u201dnda, Tu\u0308rkiye, e-do\u0308nu\u0308s\u0327u\u0308m hizmetinde 7. s\u0131radaki bas\u0327ar\u0131m\u0131z\u0131; c\u0327al\u0131s\u0327anlar\u0131m\u0131z, is\u0327 ortaklar\u0131m\u0131z ve mu\u0308s\u0327terilerimiz ile kutlaman\u0131n hakl\u0131 gururunu yas\u0327\u0131yoruz. B\u0130L\u0130\u015e\u0130M 500-2022 Kolaysoft Teknoloji, 2020\u2019ye damgas\u0131n\u0131 vuran bili\u015fim \u015firketleri aras\u0131nda yer alarak, Sistem Entegrat\u00f6rl\u00fc\u011f\u00fc Ve \u0130\u015f Orta\u011f\u0131 Y\u0131l\u0131n E-Fatura, E-Defter, E-Ar\u015fiv Hizmeti kategorisinde 1. S\u0131rada yer ald\u0131. Bu ba\u015far\u0131m\u0131z\u0131 her ge\u00e7en g\u00fcn b\u00fcy\u00fcyen ekibimiz, i\u015f ortaklar\u0131m\u0131z ve m\u00fc\u015fterilerimizle payla\u015f\u0131yoruz.<\/p>\n","protected":false},"author":1,"featured_media":0,"parent":0,"menu_order":0,"comment_status":"closed","ping_status":"closed","template":"elementor_canvas","meta":{"footnotes":""},"class_list":["post-822","page","type-page","status-publish","hentry"],"aioseo_notices":[],"_links":{"self":[{"href":"https:\/\/www.kolaysoft.com.tr\/index.php\/wp-json\/wp\/v2\/pages\/822","targetHints":{"allow":["GET"]}}],"collection":[{"href":"https:\/\/www.kolaysoft.com.tr\/index.php\/wp-json\/wp\/v2\/pages"}],"about":[{"href":"https:\/\/www.kolaysoft.com.tr\/index.php\/wp-json\/wp\/v2\/types\/page"}],"author":[{"embeddable":true,"href":"https:\/\/www.kolaysoft.com.tr\/index.php\/wp-json\/wp\/v2\/users\/1"}],"replies":[{"embeddable":true,"href":"https:\/\/www.kolaysoft.com.tr\/index.php\/wp-json\/wp\/v2\/comments?post=822"}],"version-history":[{"count":31,"href":"https:\/\/www.kolaysoft.com.tr\/index.php\/wp-json\/wp\/v2\/pages\/822\/revisions"}],"predecessor-version":[{"id":6209,"href":"https:\/\/www.kolaysoft.com.tr\/index.php\/wp-json\/wp\/v2\/pages\/822\/revisions\/6209"}],"wp:attachment":[{"href":"https:\/\/www.kolaysoft.com.tr\/index.php\/wp-json\/wp\/v2\/media?parent=822"}],"curies":[{"name":"wp","href":"https:\/\/api.w.org\/{rel}","templated":true}]}}